{"id":1913,"date":"2017-08-07T08:42:51","date_gmt":"2017-08-07T08:42:51","guid":{"rendered":"http:\/\/dev.joomexp.com\/wordpress\/vogue\/?page_id=31"},"modified":"2025-07-26T08:25:12","modified_gmt":"2025-07-26T06:25:12","slug":"multipage","status":"publish","type":"page","link":"https:\/\/www.alster-ergotherapie.de\/","title":{"rendered":"Startseite"},"content":{"rendered":"<p>[vc_row el_id=&#8220;Slider&#8220;][vc_column][rev_slider_vc alias=&#8220;header_type2&#8243;][\/vc_column][\/vc_row][vc_row full_width=&#8220;stretch_row&#8220; css=&#8220;.vc_custom_1527867858813{padding-top: 30px !important;padding-bottom: 50px !important;}&#8220; el_id=&#8220;Fachbereiche&#8220;][vc_column][vc_custom_heading cms_ch_type=&#8220;layout-2&#8243; text=&#8220;Ergotherapie Fachbereiche&#8220; font_container=&#8220;tag:h2|font_size:45|text_align:center&#8220; use_theme_fonts=&#8220;yes&#8220; sub_title=&#8220;Wir bieten Ihnen ein breites Angebot an ergotherapeutischen Leistungen in Hamburg und Ratzeburg.&#8220;][vc_basic_grid post_type=&#8220;services&#8220; max_items=&#8220;5&#8243; element_width=&#8220;6&#8243; gap=&#8220;0&#8243; orderby=&#8220;modified&#8220; item=&#8220;2472&#8243; initial_loading_animation=&#8220;zoomIn&#8220; grid_id=&#8220;vc_gid:1533557916687-88bf6bb8-93c1-4&#8243;][\/vc_column][\/vc_row][vc_row full_width=&#8220;stretch_row&#8220; equal_height=&#8220;yes&#8220; content_placement=&#8220;middle&#8220; css=&#8220;.vc_custom_1529069968189{padding-top: 0px !important;background-color: #658dac !important;}&#8220; el_class=&#8220;visible-overflow box-shadow-inset&#8220; el_id=&#8220;\u00dcber mich&#8220;][vc_column css_animation=&#8220;fadeInLeft&#8220; width=&#8220;1\/2&#8243; css=&#8220;.vc_custom_1531210909021{padding-right: 0px !important;padding-left: 0px !important;background-image: url(https:\/\/www.alster-ergotherapie.de\/wp-content\/uploads\/2018\/06\/nirmala-nilgens-1.jpg?id=4009) !important;background-position: center !important;background-repeat: no-repeat !important;background-size: cover !important;}&#8220; offset=&#8220;vc_hidden-sm vc_hidden-xs&#8220; el_class=&#8220;bottom-background-position&#8220;][\/vc_column][vc_column offset=&#8220;vc_col-lg-6 vc_col-md-6 vc_col-sm-offset-0 vc_col-xs-12&#8243;][vc_custom_heading cms_ch_type=&#8220;default&#8220; text=&#8220;\u00dcber mich&#8220; font_container=&#8220;tag:h2|font_size:45|text_align:center|color:%23ffffff&#8220; use_theme_fonts=&#8220;yes&#8220; css=&#8220;.vc_custom_1529069893903{margin-bottom: 10px !important;padding-top: 0px !important;}&#8220;][vc_column_text css=&#8220;.vc_custom_1533553462721{padding-left: 40px !important;}&#8220;]<\/p>\n<p style=\"text-align: left;\"><span style=\"color: #ffffff;\">F\u00fcr mich war der Grundstein zu Erlernen des Berufes Ergotherapeutin, die Erfahrung in der Familie, da nur die gegenseitige Unterst\u00fctzung die Basis eines zufriedenen Lebens sein kann. Da viele Menschen aus gesundheitlichen Gr\u00fcnden dieses nicht immer erleben k\u00f6nnen, m\u00f6chte ich dieses Gef\u00fchl der Lebensqualit\u00e4t vermitteln bzw. einbringen.<\/span><\/p>\n<p style=\"text-align: left;\"><span style=\"color: #ffffff;\">Nach Abschluss meiner Ausbildung an der mfn-D\u00f6pfer-Schule in Hamburg zur staatl. anerkannten Ergotherapeutin arbeitete ich mehrere Jahre u.a. in den Bereichen P\u00e4diatrie (sensorische Integration, ADHS, ADS, Verhaltenstherapie) und Psychiatrie (Depressionen, Borderline, Burn-Out, Suchterkrankungen). Zus\u00e4tzlich studierte ich berufsbegleitend in K\u00f6ln und Heerlen (Niederlande) und schloss das Studium mit dem Bachelor of Occupational Therapy erfolgreich ab.<\/span><\/p>\n<p style=\"text-align: left;\"><span style=\"color: #ffffff;\">Bereits w\u00e4hrend meines Studiums gr\u00fcndete ich 2009 die Praxis Alster-Ergotherapie Nirmala Nilgens in Hamburg mit dem Ziel einer m\u00f6glichst ganzheitlichen Behandlung meiner Klienten.<\/span><\/p>\n<p style=\"text-align: left;\"><span style=\"color: #ffffff;\">Regelm\u00e4\u00dfige Fort- und Weiterbildungen u.a. in den Assessment Anwendungen AMPS (Assessment of Motor and Process Skills) und FEW2 (Frostigs Entwicklungstest der visuellen Wahrnehmung 2) stellen f\u00fcr mich die Basis einer fachlich fundierten Behandlung dar.<\/span><\/p>\n<p>[\/vc_column_text][\/vc_column][\/vc_row][vc_row css=&#8220;.vc_custom_1528106926539{margin-top: 0px !important;margin-right: 0px !important;margin-bottom: 0px !important;margin-left: 0px !important;padding-top: 60px !important;padding-bottom: 80px !important;}&#8220; el_id=&#8220;Leistungen&#8220;][vc_column][vc_custom_heading cms_ch_type=&#8220;layout-2&#8243; text=&#8220;Zusatzleistungen&#8220; font_container=&#8220;tag:h2|font_size:45|text_align:center&#8220; use_theme_fonts=&#8220;yes&#8220; sub_title=&#8220;Neben den klassischen ergotherapeutischen Ma\u00dfnahmen werden auch erweiterte Leistungen wie die Behandlung mit LifeWave Patches und die Unterst\u00fctzung beim betrieblichen Eingliederungsmanagement angeboten.&#8220;][vc_basic_grid post_type=&#8220;post&#8220; max_items=&#8220;2&#8243; element_width=&#8220;6&#8243; order=&#8220;ASC&#8220; item=&#8220;2852&#8243; grid_id=&#8220;vc_gid:1533557916689-cfcac53e-b11d-2&#8243;][\/vc_column][\/vc_row][vc_row css=&#8220;.vc_custom_1527867214112{padding-top: 0px !important;padding-bottom: 40px !important;}&#8220; el_id=&#8220;Kontakt&#8220;][vc_column][vc_custom_heading cms_ch_type=&#8220;layout-2&#8243; text=&#8220;Kontakt&#8220; font_container=&#8220;tag:h2|font_size:45|text_align:center|color:%23668ba8&#8243; use_theme_fonts=&#8220;yes&#8220; sub_title=&#8220;Wenn Sie einen Termin vereinbaren m\u00f6chten oder eine Frage zu den Behandlungen haben, nutzen Sie bitte das Kontaktformular. Ich melde mich schnellstm\u00f6glich bei Ihnen.&#8220;][\/vc_column][\/vc_row][vc_row][vc_column width=&#8220;5\/6&#8243; offset=&#8220;vc_col-lg-offset-3 vc_col-lg-6 vc_col-md-offset-2 vc_col-md-8 vc_col-sm-offset-1 vc_col-xs-12&#8243;]\n<div class=\"wpcf7 no-js\" id=\"wpcf7-f3364-o1\" lang=\"en-GB\" dir=\"ltr\" data-wpcf7-id=\"3364\">\n<div class=\"screen-reader-response\"><p role=\"status\" aria-live=\"polite\" aria-atomic=\"true\"><\/p> <ul><\/ul><\/div>\n<form action=\"\/index.php\/wp-json\/wp\/v2\/pages\/1913#wpcf7-f3364-o1\" method=\"post\" class=\"wpcf7-form init\" aria-label=\"Kontaktformular\" novalidate=\"novalidate\" data-status=\"init\">\n<fieldset class=\"hidden-fields-container\"><input type=\"hidden\" name=\"_wpcf7\" value=\"3364\" \/><input type=\"hidden\" name=\"_wpcf7_version\" value=\"6.1.5\" \/><input type=\"hidden\" name=\"_wpcf7_locale\" value=\"en_GB\" \/><input type=\"hidden\" name=\"_wpcf7_unit_tag\" value=\"wpcf7-f3364-o1\" \/><input type=\"hidden\" name=\"_wpcf7_container_post\" value=\"0\" \/><input type=\"hidden\" name=\"_wpcf7_posted_data_hash\" value=\"\" \/>\n<\/fieldset>\n<div class = \"row form-style-message-5\">\n\t<div class=\"col-xs-12 col-sm-12 col-md-6 col-lg-6\">\n\t\t<p><span class=\"wpcf7-form-control-wrap\" data-name=\"your-name\"><input size=\"40\" maxlength=\"400\" class=\"wpcf7-form-control wpcf7-text wpcf7-validates-as-required\" aria-required=\"true\" aria-invalid=\"false\" placeholder=\"Ihr Name\" value=\"\" type=\"text\" name=\"your-name\" \/><\/span>\n\t\t<\/p>\n\t<\/div>\n\t<div class=\"col-xs-12 col-sm-12 col-md-6 col-lg-6\">\n\t\t<p><span class=\"wpcf7-form-control-wrap\" data-name=\"your-email\"><input size=\"40\" maxlength=\"400\" class=\"wpcf7-form-control wpcf7-email wpcf7-validates-as-required wpcf7-text wpcf7-validates-as-email\" aria-required=\"true\" aria-invalid=\"false\" placeholder=\"Ihre E-Mail-Adresse\" value=\"\" type=\"email\" name=\"your-email\" \/><\/span>\n\t\t<\/p>\n\t<\/div>\n\t<div class=\"col-xs-12 col-sm-12 col-md-6 col-lg-6\">\n\t\t<p><span class=\"wpcf7-form-control-wrap\" data-name=\"your-phone\"><input size=\"40\" maxlength=\"400\" class=\"wpcf7-form-control wpcf7-text wpcf7-validates-as-required\" aria-required=\"true\" aria-invalid=\"false\" placeholder=\"Handynummer\" value=\"\" type=\"text\" name=\"your-phone\" \/><\/span>\n\t\t<\/p>\n\t<\/div>\n\t<div class=\"col-xs-12 col-sm-12 col-md-6 col-lg-6\">\n\t\t<p><span class=\"wpcf7-form-control-wrap\" data-name=\"your-subject\"><input size=\"40\" maxlength=\"400\" class=\"wpcf7-form-control wpcf7-text wpcf7-validates-as-required\" aria-required=\"true\" aria-invalid=\"false\" placeholder=\"Betreff\" value=\"\" type=\"text\" name=\"your-subject\" \/><\/span>\n\t\t<\/p>\n\t<\/div>\n\t<div class=\"col-xs-12 col-sm-12 col-md-12 col-lg-12\">\n\t\t<p><span class=\"wpcf7-form-control-wrap\" data-name=\"your-message\"><textarea cols=\"40\" rows=\"10\" maxlength=\"2000\" class=\"wpcf7-form-control wpcf7-textarea\" aria-invalid=\"false\" placeholder=\"Ihre Nachricht\" name=\"your-message\"><\/textarea><\/span>\n\t\t<\/p>\n\t<\/div>\n\t<div class=\"col-xs-12 col-sm-12 col-md-12 col-lg-12\">\n\t\t<p><span class=\"wpcf7-form-control-wrap\" data-name=\"checkbox-629\"><span class=\"wpcf7-form-control wpcf7-checkbox wpcf7-validates-as-required\"><span class=\"wpcf7-list-item first last\"><input type=\"checkbox\" name=\"checkbox-629[]\" value=\"Ich erkl\u00e4re mich damit einverstanden, dass meine Daten zur Bearbeitung meines Anliegens verwendet werden. Weitere Informationen und Widerrufshinweise finden sich in der Datenschutzerkl\u00e4rung.\" \/><span class=\"wpcf7-list-item-label\">Ich erkl\u00e4re mich damit einverstanden, dass meine Daten zur Bearbeitung meines Anliegens verwendet werden. Weitere Informationen und Widerrufshinweise finden sich in der Datenschutzerkl\u00e4rung.<\/span><\/span><\/span><\/span>\n\t\t<\/p>\n\t<\/div>\n\t<div class=\"col-xs-12 text-center add-submit\">\n\t\t<p><input class=\"wpcf7-form-control wpcf7-submit has-spinner\" type=\"submit\" value=\"Senden\" \/>\n\t\t<\/p>\n\t<\/div>\n<\/div><div class=\"wpcf7-response-output\" aria-hidden=\"true\"><\/div>\n<\/form>\n<\/div>\n[\/vc_column][\/vc_row]<\/p>\n","protected":false},"excerpt":{"rendered":"<p>[vc_row el_id=&#8220;Slider&#8220;][vc_column][rev_slider_vc alias=&#8220;header_type2&#8243;][\/vc_column][\/vc_row][vc_row full_width=&#8220;stretch_row&#8220; css=&#8220;.vc_custom_1527867858813{padding-top: 30px !important;padding-bottom: 50px !important;}&#8220; el_id=&#8220;Fachbereiche&#8220;][vc_column][vc_custom_heading cms_ch_type=&#8220;layout-2&#8243; text=&#8220;Ergotherapie Fachbereiche&#8220; font_container=&#8220;tag:h2|font_size:45|text_align:center&#8220; use_theme_fonts=&#8220;yes&#8220; sub_title=&#8220;Wir bieten Ihnen ein breites Angebot an ergotherapeutischen Leistungen in Hamburg und Ratzeburg.&#8220;][vc_basic_grid post_type=&#8220;services&#8220; max_items=&#8220;5&#8243; element_width=&#8220;6&#8243; gap=&#8220;0&#8243; orderby=&#8220;modified&#8220; item=&#8220;2472&#8243; initial_loading_animation=&#8220;zoomIn&#8220; grid_id=&#8220;vc_gid:1533557916687-88bf6bb8-93c1-4&#8243;][\/vc_column][\/vc_row][vc_row full_width=&#8220;stretch_row&#8220; equal_height=&#8220;yes&#8220; content_placement=&#8220;middle&#8220; css=&#8220;.vc_custom_1529069968189{padding-top: 0px !important;background-color: #658dac !important;}&#8220; el_class=&#8220;visible-overflow box-shadow-inset&#8220; el_id=&#8220;\u00dcber mich&#8220;][vc_column css_animation=&#8220;fadeInLeft&#8220; width=&#8220;1\/2&#8243; css=&#8220;.vc_custom_1531210909021{padding-right: 0px !important;padding-left: 0px !important;background-image: [&hellip;]<\/p>\n","protected":false},"author":1,"featured_media":0,"parent":0,"menu_order":1,"comment_status":"closed","ping_status":"closed","template":"","meta":{"footnotes":""},"class_list":["post-1913","page","type-page","status-publish","hentry"],"yoast_head":"<!-- This site is optimized with the Yoast SEO plugin v27.3 - https:\/\/yoast.com\/product\/yoast-seo-wordpress\/ -->\n<title>Alster-Ergotherapie Nirmala Nilgens f\u00fcr ergotherapeutische Leistung in Hamburg<\/title>\n<meta name=\"description\" content=\"Bei der Alster-Ergotherapie Nirmala Nilgens finden Sie ein breites Spektrum ergotherapeutischer Fachbereiche und Leistungen f\u00fcr Ihre Gesundheit in Hamburg.\" \/>\n<meta name=\"robots\" content=\"index, follow, max-snippet:-1, max-image-preview:large, max-video-preview:-1\" \/>\n<link rel=\"canonical\" href=\"https:\/\/www.alster-ergotherapie.de\/\" \/>\n<meta property=\"og:locale\" content=\"de_DE\" \/>\n<meta property=\"og:type\" content=\"article\" \/>\n<meta property=\"og:title\" content=\"Alster-Ergotherapie Nirmala Nilgens f\u00fcr ergotherapeutische Leistung in Hamburg\" \/>\n<meta property=\"og:description\" content=\"Bei der Alster-Ergotherapie Nirmala Nilgens finden Sie ein breites Spektrum ergotherapeutischer Fachbereiche und Leistungen f\u00fcr Ihre Gesundheit in Hamburg.\" \/>\n<meta property=\"og:url\" content=\"https:\/\/www.alster-ergotherapie.de\/\" \/>\n<meta property=\"og:site_name\" content=\"Alster Ergotherapie\" \/>\n<meta property=\"article:modified_time\" content=\"2025-07-26T06:25:12+00:00\" \/>\n<meta name=\"twitter:card\" content=\"summary_large_image\" \/>\n<meta name=\"twitter:label1\" content=\"Gesch\u00e4tzte Lesezeit\" \/>\n\t<meta name=\"twitter:data1\" content=\"3\u00a0Minuten\" \/>\n<script type=\"application\/ld+json\" class=\"yoast-schema-graph\">{\"@context\":\"https:\\\/\\\/schema.org\",\"@graph\":[{\"@type\":\"WebPage\",\"@id\":\"https:\\\/\\\/www.alster-ergotherapie.de\\\/\",\"url\":\"https:\\\/\\\/www.alster-ergotherapie.de\\\/\",\"name\":\"Alster-Ergotherapie Nirmala Nilgens f\u00fcr ergotherapeutische Leistung in Hamburg\",\"isPartOf\":{\"@id\":\"https:\\\/\\\/www.alster-ergotherapie.de\\\/#website\"},\"datePublished\":\"2017-08-07T08:42:51+00:00\",\"dateModified\":\"2025-07-26T06:25:12+00:00\",\"description\":\"Bei der Alster-Ergotherapie Nirmala Nilgens finden Sie ein breites Spektrum ergotherapeutischer Fachbereiche und Leistungen f\u00fcr Ihre Gesundheit in Hamburg.\",\"breadcrumb\":{\"@id\":\"https:\\\/\\\/www.alster-ergotherapie.de\\\/#breadcrumb\"},\"inLanguage\":\"de\",\"potentialAction\":[{\"@type\":\"ReadAction\",\"target\":[\"https:\\\/\\\/www.alster-ergotherapie.de\\\/\"]}]},{\"@type\":\"BreadcrumbList\",\"@id\":\"https:\\\/\\\/www.alster-ergotherapie.de\\\/#breadcrumb\",\"itemListElement\":[{\"@type\":\"ListItem\",\"position\":1,\"name\":\"Startseite\",\"item\":\"https:\\\/\\\/www.alster-ergotherapie.de\\\/\"},{\"@type\":\"ListItem\",\"position\":2,\"name\":\"Startseite\"}]},{\"@type\":\"WebSite\",\"@id\":\"https:\\\/\\\/www.alster-ergotherapie.de\\\/#website\",\"url\":\"https:\\\/\\\/www.alster-ergotherapie.de\\\/\",\"name\":\"Alster Ergotherapie\",\"description\":\"\",\"potentialAction\":[{\"@type\":\"SearchAction\",\"target\":{\"@type\":\"EntryPoint\",\"urlTemplate\":\"https:\\\/\\\/www.alster-ergotherapie.de\\\/?s={search_term_string}\"},\"query-input\":{\"@type\":\"PropertyValueSpecification\",\"valueRequired\":true,\"valueName\":\"search_term_string\"}}],\"inLanguage\":\"de\"}]}<\/script>\n<!-- \/ Yoast SEO plugin. -->","yoast_head_json":{"title":"Alster-Ergotherapie Nirmala Nilgens f\u00fcr ergotherapeutische Leistung in Hamburg","description":"Bei der Alster-Ergotherapie Nirmala Nilgens finden Sie ein breites Spektrum ergotherapeutischer Fachbereiche und Leistungen f\u00fcr Ihre Gesundheit in Hamburg.","robots":{"index":"index","follow":"follow","max-snippet":"max-snippet:-1","max-image-preview":"max-image-preview:large","max-video-preview":"max-video-preview:-1"},"canonical":"https:\/\/www.alster-ergotherapie.de\/","og_locale":"de_DE","og_type":"article","og_title":"Alster-Ergotherapie Nirmala Nilgens f\u00fcr ergotherapeutische Leistung in Hamburg","og_description":"Bei der Alster-Ergotherapie Nirmala Nilgens finden Sie ein breites Spektrum ergotherapeutischer Fachbereiche und Leistungen f\u00fcr Ihre Gesundheit in Hamburg.","og_url":"https:\/\/www.alster-ergotherapie.de\/","og_site_name":"Alster Ergotherapie","article_modified_time":"2025-07-26T06:25:12+00:00","twitter_card":"summary_large_image","twitter_misc":{"Gesch\u00e4tzte Lesezeit":"3\u00a0Minuten"},"schema":{"@context":"https:\/\/schema.org","@graph":[{"@type":"WebPage","@id":"https:\/\/www.alster-ergotherapie.de\/","url":"https:\/\/www.alster-ergotherapie.de\/","name":"Alster-Ergotherapie Nirmala Nilgens f\u00fcr ergotherapeutische Leistung in Hamburg","isPartOf":{"@id":"https:\/\/www.alster-ergotherapie.de\/#website"},"datePublished":"2017-08-07T08:42:51+00:00","dateModified":"2025-07-26T06:25:12+00:00","description":"Bei der Alster-Ergotherapie Nirmala Nilgens finden Sie ein breites Spektrum ergotherapeutischer Fachbereiche und Leistungen f\u00fcr Ihre Gesundheit in Hamburg.","breadcrumb":{"@id":"https:\/\/www.alster-ergotherapie.de\/#breadcrumb"},"inLanguage":"de","potentialAction":[{"@type":"ReadAction","target":["https:\/\/www.alster-ergotherapie.de\/"]}]},{"@type":"BreadcrumbList","@id":"https:\/\/www.alster-ergotherapie.de\/#breadcrumb","itemListElement":[{"@type":"ListItem","position":1,"name":"Startseite","item":"https:\/\/www.alster-ergotherapie.de\/"},{"@type":"ListItem","position":2,"name":"Startseite"}]},{"@type":"WebSite","@id":"https:\/\/www.alster-ergotherapie.de\/#website","url":"https:\/\/www.alster-ergotherapie.de\/","name":"Alster Ergotherapie","description":"","potentialAction":[{"@type":"SearchAction","target":{"@type":"EntryPoint","urlTemplate":"https:\/\/www.alster-ergotherapie.de\/?s={search_term_string}"},"query-input":{"@type":"PropertyValueSpecification","valueRequired":true,"valueName":"search_term_string"}}],"inLanguage":"de"}]}},"_links":{"self":[{"href":"https:\/\/www.alster-ergotherapie.de\/index.php\/wp-json\/wp\/v2\/pages\/1913","targetHints":{"allow":["GET"]}}],"collection":[{"href":"https:\/\/www.alster-ergotherapie.de\/index.php\/wp-json\/wp\/v2\/pages"}],"about":[{"href":"https:\/\/www.alster-ergotherapie.de\/index.php\/wp-json\/wp\/v2\/types\/page"}],"author":[{"embeddable":true,"href":"https:\/\/www.alster-ergotherapie.de\/index.php\/wp-json\/wp\/v2\/users\/1"}],"replies":[{"embeddable":true,"href":"https:\/\/www.alster-ergotherapie.de\/index.php\/wp-json\/wp\/v2\/comments?post=1913"}],"version-history":[{"count":44,"href":"https:\/\/www.alster-ergotherapie.de\/index.php\/wp-json\/wp\/v2\/pages\/1913\/revisions"}],"predecessor-version":[{"id":4144,"href":"https:\/\/www.alster-ergotherapie.de\/index.php\/wp-json\/wp\/v2\/pages\/1913\/revisions\/4144"}],"wp:attachment":[{"href":"https:\/\/www.alster-ergotherapie.de\/index.php\/wp-json\/wp\/v2\/media?parent=1913"}],"curies":[{"name":"wp","href":"https:\/\/api.w.org\/{rel}","templated":true}]}}