{"id":3585,"date":"2018-05-30T11:36:22","date_gmt":"2018-05-30T09:36:22","guid":{"rendered":"https:\/\/www.alster-ergotherapie.de\/?page_id=3585"},"modified":"2018-08-02T14:24:52","modified_gmt":"2018-08-02T12:24:52","slug":"ergotherapie-in-der-neurologie","status":"publish","type":"page","link":"https:\/\/www.alster-ergotherapie.de\/index.php\/therapien\/ergotherapie-in-der-neurologie\/","title":{"rendered":"Ergotherapie in der Neurologie"},"content":{"rendered":"<h1 class=\"cms-heading-inner\" style=\"font-size: 35px; text-align: left;\">Ergotherapie in der Neurologie<\/h1>\n<hr class=\"divider_30_1\" \/>\n<p>Erkrankungen und Verletzungen des Zentralnervensystems k\u00f6nnen sensomotorische F\u00e4higkeiten, neuropsychologische Funktionen, psychisches und soziales Erleben beeintr\u00e4chtigen und betroffene Menschen in ihrer Selbstst\u00e4ndigkeit einschr\u00e4nken.<\/p>\n<p>Ziel der Ergotherapie ist immer das Erreichen, Verbessern oder Erhalten gr\u00f6\u00dftm\u00f6glicher Selbstst\u00e4ndigkeit in allt\u00e4glichen Verrichtungen wie K\u00f6rperpflege, Essen, Fortbewegung, Kommunikation, Haushalt, Schule, Beruf und Freizeit.<\/p>\n<ul>\n<li>Wiedererlangen von beeintr\u00e4chtigten Funktionen<\/li>\n<li>Erhalten von vorhandenen Funktionen<\/li>\n<li>Erlernen von Ersatzstrategien bei nicht wiederkehrenden Funktionen.<\/li>\n<\/ul>\n","protected":false},"excerpt":{"rendered":"<p>Ergotherapie in der Neurologie Erkrankungen und Verletzungen des Zentralnervensystems k\u00f6nnen sensomotorische F\u00e4higkeiten, neuropsychologische Funktionen, psychisches und soziales Erleben beeintr\u00e4chtigen und betroffene Menschen in ihrer Selbstst\u00e4ndigkeit einschr\u00e4nken. Ziel der Ergotherapie ist immer das Erreichen, Verbessern oder Erhalten gr\u00f6\u00dftm\u00f6glicher Selbstst\u00e4ndigkeit in allt\u00e4glichen Verrichtungen wie K\u00f6rperpflege, Essen, Fortbewegung, Kommunikation, Haushalt, Schule, Beruf und Freizeit. Wiedererlangen von beeintr\u00e4chtigten Funktionen [&hellip;]<\/p>\n","protected":false},"author":1,"featured_media":0,"parent":3565,"menu_order":0,"comment_status":"closed","ping_status":"closed","template":"","meta":{"footnotes":""},"class_list":["post-3585","page","type-page","status-publish","hentry"],"yoast_head":"<!-- This site is optimized with the Yoast SEO plugin v27.3 - https:\/\/yoast.com\/product\/yoast-seo-wordpress\/ -->\n<title>Therapeutische Ziele in der Neurologie<\/title>\n<meta name=\"description\" content=\"Ergotherapeuthische Ma\u00dfnahmen in der Neurologie unterst\u00fctzen Betroffene bei Erkrankungen des Nervensystems. Vereinbaren Sie jetzt Ihren Termin in Hamburg.\" \/>\n<meta name=\"robots\" content=\"index, follow, max-snippet:-1, max-image-preview:large, max-video-preview:-1\" \/>\n<link rel=\"canonical\" href=\"https:\/\/www.alster-ergotherapie.de\/index.php\/therapien\/ergotherapie-in-der-neurologie\/\" \/>\n<meta property=\"og:locale\" content=\"de_DE\" \/>\n<meta property=\"og:type\" content=\"article\" \/>\n<meta property=\"og:title\" content=\"Therapeutische Ziele in der Neurologie\" \/>\n<meta property=\"og:description\" content=\"Ergotherapeuthische Ma\u00dfnahmen in der Neurologie unterst\u00fctzen Betroffene bei Erkrankungen des Nervensystems. Vereinbaren Sie jetzt Ihren Termin in Hamburg.\" \/>\n<meta property=\"og:url\" content=\"https:\/\/www.alster-ergotherapie.de\/index.php\/therapien\/ergotherapie-in-der-neurologie\/\" \/>\n<meta property=\"og:site_name\" content=\"Alster Ergotherapie\" \/>\n<meta property=\"article:modified_time\" content=\"2018-08-02T12:24:52+00:00\" \/>\n<meta name=\"twitter:card\" content=\"summary_large_image\" \/>\n<script type=\"application\/ld+json\" class=\"yoast-schema-graph\">{\"@context\":\"https:\\\/\\\/schema.org\",\"@graph\":[{\"@type\":\"WebPage\",\"@id\":\"https:\\\/\\\/www.alster-ergotherapie.de\\\/index.php\\\/therapien\\\/ergotherapie-in-der-neurologie\\\/\",\"url\":\"https:\\\/\\\/www.alster-ergotherapie.de\\\/index.php\\\/therapien\\\/ergotherapie-in-der-neurologie\\\/\",\"name\":\"Therapeutische Ziele in der Neurologie\",\"isPartOf\":{\"@id\":\"https:\\\/\\\/www.alster-ergotherapie.de\\\/#website\"},\"datePublished\":\"2018-05-30T09:36:22+00:00\",\"dateModified\":\"2018-08-02T12:24:52+00:00\",\"description\":\"Ergotherapeuthische Ma\u00dfnahmen in der Neurologie unterst\u00fctzen Betroffene bei Erkrankungen des Nervensystems. Vereinbaren Sie jetzt Ihren Termin in Hamburg.\",\"breadcrumb\":{\"@id\":\"https:\\\/\\\/www.alster-ergotherapie.de\\\/index.php\\\/therapien\\\/ergotherapie-in-der-neurologie\\\/#breadcrumb\"},\"inLanguage\":\"de\",\"potentialAction\":[{\"@type\":\"ReadAction\",\"target\":[\"https:\\\/\\\/www.alster-ergotherapie.de\\\/index.php\\\/therapien\\\/ergotherapie-in-der-neurologie\\\/\"]}]},{\"@type\":\"BreadcrumbList\",\"@id\":\"https:\\\/\\\/www.alster-ergotherapie.de\\\/index.php\\\/therapien\\\/ergotherapie-in-der-neurologie\\\/#breadcrumb\",\"itemListElement\":[{\"@type\":\"ListItem\",\"position\":1,\"name\":\"Startseite\",\"item\":\"https:\\\/\\\/www.alster-ergotherapie.de\\\/\"},{\"@type\":\"ListItem\",\"position\":2,\"name\":\"Therapien\",\"item\":\"https:\\\/\\\/www.alster-ergotherapie.de\\\/index.php\\\/therapien\\\/\"},{\"@type\":\"ListItem\",\"position\":3,\"name\":\"Ergotherapie in der Neurologie\"}]},{\"@type\":\"WebSite\",\"@id\":\"https:\\\/\\\/www.alster-ergotherapie.de\\\/#website\",\"url\":\"https:\\\/\\\/www.alster-ergotherapie.de\\\/\",\"name\":\"Alster Ergotherapie\",\"description\":\"\",\"potentialAction\":[{\"@type\":\"SearchAction\",\"target\":{\"@type\":\"EntryPoint\",\"urlTemplate\":\"https:\\\/\\\/www.alster-ergotherapie.de\\\/?s={search_term_string}\"},\"query-input\":{\"@type\":\"PropertyValueSpecification\",\"valueRequired\":true,\"valueName\":\"search_term_string\"}}],\"inLanguage\":\"de\"}]}<\/script>\n<!-- \/ Yoast SEO plugin. -->","yoast_head_json":{"title":"Therapeutische Ziele in der Neurologie","description":"Ergotherapeuthische Ma\u00dfnahmen in der Neurologie unterst\u00fctzen Betroffene bei Erkrankungen des Nervensystems. Vereinbaren Sie jetzt Ihren Termin in Hamburg.","robots":{"index":"index","follow":"follow","max-snippet":"max-snippet:-1","max-image-preview":"max-image-preview:large","max-video-preview":"max-video-preview:-1"},"canonical":"https:\/\/www.alster-ergotherapie.de\/index.php\/therapien\/ergotherapie-in-der-neurologie\/","og_locale":"de_DE","og_type":"article","og_title":"Therapeutische Ziele in der Neurologie","og_description":"Ergotherapeuthische Ma\u00dfnahmen in der Neurologie unterst\u00fctzen Betroffene bei Erkrankungen des Nervensystems. Vereinbaren Sie jetzt Ihren Termin in Hamburg.","og_url":"https:\/\/www.alster-ergotherapie.de\/index.php\/therapien\/ergotherapie-in-der-neurologie\/","og_site_name":"Alster Ergotherapie","article_modified_time":"2018-08-02T12:24:52+00:00","twitter_card":"summary_large_image","schema":{"@context":"https:\/\/schema.org","@graph":[{"@type":"WebPage","@id":"https:\/\/www.alster-ergotherapie.de\/index.php\/therapien\/ergotherapie-in-der-neurologie\/","url":"https:\/\/www.alster-ergotherapie.de\/index.php\/therapien\/ergotherapie-in-der-neurologie\/","name":"Therapeutische Ziele in der Neurologie","isPartOf":{"@id":"https:\/\/www.alster-ergotherapie.de\/#website"},"datePublished":"2018-05-30T09:36:22+00:00","dateModified":"2018-08-02T12:24:52+00:00","description":"Ergotherapeuthische Ma\u00dfnahmen in der Neurologie unterst\u00fctzen Betroffene bei Erkrankungen des Nervensystems. Vereinbaren Sie jetzt Ihren Termin in Hamburg.","breadcrumb":{"@id":"https:\/\/www.alster-ergotherapie.de\/index.php\/therapien\/ergotherapie-in-der-neurologie\/#breadcrumb"},"inLanguage":"de","potentialAction":[{"@type":"ReadAction","target":["https:\/\/www.alster-ergotherapie.de\/index.php\/therapien\/ergotherapie-in-der-neurologie\/"]}]},{"@type":"BreadcrumbList","@id":"https:\/\/www.alster-ergotherapie.de\/index.php\/therapien\/ergotherapie-in-der-neurologie\/#breadcrumb","itemListElement":[{"@type":"ListItem","position":1,"name":"Startseite","item":"https:\/\/www.alster-ergotherapie.de\/"},{"@type":"ListItem","position":2,"name":"Therapien","item":"https:\/\/www.alster-ergotherapie.de\/index.php\/therapien\/"},{"@type":"ListItem","position":3,"name":"Ergotherapie in der Neurologie"}]},{"@type":"WebSite","@id":"https:\/\/www.alster-ergotherapie.de\/#website","url":"https:\/\/www.alster-ergotherapie.de\/","name":"Alster Ergotherapie","description":"","potentialAction":[{"@type":"SearchAction","target":{"@type":"EntryPoint","urlTemplate":"https:\/\/www.alster-ergotherapie.de\/?s={search_term_string}"},"query-input":{"@type":"PropertyValueSpecification","valueRequired":true,"valueName":"search_term_string"}}],"inLanguage":"de"}]}},"_links":{"self":[{"href":"https:\/\/www.alster-ergotherapie.de\/index.php\/wp-json\/wp\/v2\/pages\/3585","targetHints":{"allow":["GET"]}}],"collection":[{"href":"https:\/\/www.alster-ergotherapie.de\/index.php\/wp-json\/wp\/v2\/pages"}],"about":[{"href":"https:\/\/www.alster-ergotherapie.de\/index.php\/wp-json\/wp\/v2\/types\/page"}],"author":[{"embeddable":true,"href":"https:\/\/www.alster-ergotherapie.de\/index.php\/wp-json\/wp\/v2\/users\/1"}],"replies":[{"embeddable":true,"href":"https:\/\/www.alster-ergotherapie.de\/index.php\/wp-json\/wp\/v2\/comments?post=3585"}],"version-history":[{"count":2,"href":"https:\/\/www.alster-ergotherapie.de\/index.php\/wp-json\/wp\/v2\/pages\/3585\/revisions"}],"predecessor-version":[{"id":3833,"href":"https:\/\/www.alster-ergotherapie.de\/index.php\/wp-json\/wp\/v2\/pages\/3585\/revisions\/3833"}],"up":[{"embeddable":true,"href":"https:\/\/www.alster-ergotherapie.de\/index.php\/wp-json\/wp\/v2\/pages\/3565"}],"wp:attachment":[{"href":"https:\/\/www.alster-ergotherapie.de\/index.php\/wp-json\/wp\/v2\/media?parent=3585"}],"curies":[{"name":"wp","href":"https:\/\/api.w.org\/{rel}","templated":true}]}}