{"id":3587,"date":"2018-05-30T11:36:34","date_gmt":"2018-05-30T09:36:34","guid":{"rendered":"https:\/\/www.alster-ergotherapie.de\/?page_id=3587"},"modified":"2018-08-02T14:25:14","modified_gmt":"2018-08-02T12:25:14","slug":"ergotherapie-in-der-paediatrie","status":"publish","type":"page","link":"https:\/\/www.alster-ergotherapie.de\/index.php\/therapien\/ergotherapie-in-der-paediatrie\/","title":{"rendered":"Ergotherapie in der P\u00e4diatrie"},"content":{"rendered":"<h1 class=\"cms-heading-inner\" style=\"font-size: 35px; text-align: left;\">Ergotherapie in der P\u00e4diatrie<\/h1>\n<hr class=\"divider_30_1\" \/>\n<p>Ergotherapie wird eingesetzt, wenn ein Kind<\/p>\n<ul>\n<li>in seiner k\u00f6rperlichen, geistigen oder seelischen Entwicklung gegen\u00fcber Gleichaltrigen zur\u00fcckbleibt<\/li>\n<li>Ausf\u00e4lle oder St\u00f6rungen in der Bewegungsf\u00e4higkeit oder auf der Handlungsebene zeigt<\/li>\n<li>In der Verarbeitung von Sinnesreizen im Gehirn beeintr\u00e4chtigt ist<\/li>\n<li>Sch\u00e4digungen eines oder mehrerer Sinnesorgane hat<\/li>\n<li>auf seine Mitmenschen und seine Umwelt mit \u00fcberm\u00e4\u00dfiger Angst, Aggression, Abwehr oder Passivit\u00e4t reagiert.<\/li>\n<\/ul>\n<p><strong>Ziel der Ergotherapie:<\/strong><\/p>\n<ul>\n<li>Vermeiden von Folgesch\u00e4den der Krankheit und deren Fortschreiten<\/li>\n<li>Erreichen von gr\u00f6\u00dftm\u00f6glicher Selbstst\u00e4ndigkeit durch:\n<ul>\n<li>Entwickeln und Verbessern von Grob- und Feinmotorik, K\u00f6rperkoordination, Aufnahme und Verarbeitung von Sinnesreizen, Kommunikationsm\u00f6glichkeiten<\/li>\n<li>Selbsthilfetraining<\/li>\n<li>Prothesentraining<\/li>\n<li>Hilfsmittelversorgung<\/li>\n<li>Anfertigung von Schienen und Adaptationen<\/li>\n<\/ul>\n<\/li>\n<\/ul>\n","protected":false},"excerpt":{"rendered":"<p>Ergotherapie in der P\u00e4diatrie Ergotherapie wird eingesetzt, wenn ein Kind in seiner k\u00f6rperlichen, geistigen oder seelischen Entwicklung gegen\u00fcber Gleichaltrigen zur\u00fcckbleibt Ausf\u00e4lle oder St\u00f6rungen in der Bewegungsf\u00e4higkeit oder auf der Handlungsebene zeigt In der Verarbeitung von Sinnesreizen im Gehirn beeintr\u00e4chtigt ist Sch\u00e4digungen eines oder mehrerer Sinnesorgane hat auf seine Mitmenschen und seine Umwelt mit \u00fcberm\u00e4\u00dfiger Angst, [&hellip;]<\/p>\n","protected":false},"author":1,"featured_media":0,"parent":3565,"menu_order":0,"comment_status":"closed","ping_status":"closed","template":"","meta":{"footnotes":""},"class_list":["post-3587","page","type-page","status-publish","hentry"],"yoast_head":"<!-- This site is optimized with the Yoast SEO plugin v27.3 - https:\/\/yoast.com\/product\/yoast-seo-wordpress\/ -->\n<title>Therapeutische Ziele in der P\u00e4diatrie<\/title>\n<meta name=\"description\" content=\"Ergotherapie in der P\u00e4diatrie hilft Kindern, die in ihrer Entwicklung gegen\u00fcber Gleichaltrigen zur\u00fcckbleiben. Vereinbaren Sie jetzt Ihren Termin in Hamburg.\" \/>\n<meta name=\"robots\" content=\"index, follow, max-snippet:-1, max-image-preview:large, max-video-preview:-1\" \/>\n<link rel=\"canonical\" href=\"https:\/\/www.alster-ergotherapie.de\/index.php\/therapien\/ergotherapie-in-der-paediatrie\/\" \/>\n<meta property=\"og:locale\" content=\"de_DE\" \/>\n<meta property=\"og:type\" content=\"article\" \/>\n<meta property=\"og:title\" content=\"Therapeutische Ziele in der P\u00e4diatrie\" \/>\n<meta property=\"og:description\" content=\"Ergotherapie in der P\u00e4diatrie hilft Kindern, die in ihrer Entwicklung gegen\u00fcber Gleichaltrigen zur\u00fcckbleiben. Vereinbaren Sie jetzt Ihren Termin in Hamburg.\" \/>\n<meta property=\"og:url\" content=\"https:\/\/www.alster-ergotherapie.de\/index.php\/therapien\/ergotherapie-in-der-paediatrie\/\" \/>\n<meta property=\"og:site_name\" content=\"Alster Ergotherapie\" \/>\n<meta property=\"article:modified_time\" content=\"2018-08-02T12:25:14+00:00\" \/>\n<meta name=\"twitter:card\" content=\"summary_large_image\" \/>\n<meta name=\"twitter:label1\" content=\"Gesch\u00e4tzte Lesezeit\" \/>\n\t<meta name=\"twitter:data1\" content=\"1\u00a0Minute\" \/>\n<script type=\"application\/ld+json\" class=\"yoast-schema-graph\">{\"@context\":\"https:\\\/\\\/schema.org\",\"@graph\":[{\"@type\":\"WebPage\",\"@id\":\"https:\\\/\\\/www.alster-ergotherapie.de\\\/index.php\\\/therapien\\\/ergotherapie-in-der-paediatrie\\\/\",\"url\":\"https:\\\/\\\/www.alster-ergotherapie.de\\\/index.php\\\/therapien\\\/ergotherapie-in-der-paediatrie\\\/\",\"name\":\"Therapeutische Ziele in der P\u00e4diatrie\",\"isPartOf\":{\"@id\":\"https:\\\/\\\/www.alster-ergotherapie.de\\\/#website\"},\"datePublished\":\"2018-05-30T09:36:34+00:00\",\"dateModified\":\"2018-08-02T12:25:14+00:00\",\"description\":\"Ergotherapie in der P\u00e4diatrie hilft Kindern, die in ihrer Entwicklung gegen\u00fcber Gleichaltrigen zur\u00fcckbleiben. Vereinbaren Sie jetzt Ihren Termin in Hamburg.\",\"breadcrumb\":{\"@id\":\"https:\\\/\\\/www.alster-ergotherapie.de\\\/index.php\\\/therapien\\\/ergotherapie-in-der-paediatrie\\\/#breadcrumb\"},\"inLanguage\":\"de\",\"potentialAction\":[{\"@type\":\"ReadAction\",\"target\":[\"https:\\\/\\\/www.alster-ergotherapie.de\\\/index.php\\\/therapien\\\/ergotherapie-in-der-paediatrie\\\/\"]}]},{\"@type\":\"BreadcrumbList\",\"@id\":\"https:\\\/\\\/www.alster-ergotherapie.de\\\/index.php\\\/therapien\\\/ergotherapie-in-der-paediatrie\\\/#breadcrumb\",\"itemListElement\":[{\"@type\":\"ListItem\",\"position\":1,\"name\":\"Startseite\",\"item\":\"https:\\\/\\\/www.alster-ergotherapie.de\\\/\"},{\"@type\":\"ListItem\",\"position\":2,\"name\":\"Therapien\",\"item\":\"https:\\\/\\\/www.alster-ergotherapie.de\\\/index.php\\\/therapien\\\/\"},{\"@type\":\"ListItem\",\"position\":3,\"name\":\"Ergotherapie in der P\u00e4diatrie\"}]},{\"@type\":\"WebSite\",\"@id\":\"https:\\\/\\\/www.alster-ergotherapie.de\\\/#website\",\"url\":\"https:\\\/\\\/www.alster-ergotherapie.de\\\/\",\"name\":\"Alster Ergotherapie\",\"description\":\"\",\"potentialAction\":[{\"@type\":\"SearchAction\",\"target\":{\"@type\":\"EntryPoint\",\"urlTemplate\":\"https:\\\/\\\/www.alster-ergotherapie.de\\\/?s={search_term_string}\"},\"query-input\":{\"@type\":\"PropertyValueSpecification\",\"valueRequired\":true,\"valueName\":\"search_term_string\"}}],\"inLanguage\":\"de\"}]}<\/script>\n<!-- \/ Yoast SEO plugin. -->","yoast_head_json":{"title":"Therapeutische Ziele in der P\u00e4diatrie","description":"Ergotherapie in der P\u00e4diatrie hilft Kindern, die in ihrer Entwicklung gegen\u00fcber Gleichaltrigen zur\u00fcckbleiben. Vereinbaren Sie jetzt Ihren Termin in Hamburg.","robots":{"index":"index","follow":"follow","max-snippet":"max-snippet:-1","max-image-preview":"max-image-preview:large","max-video-preview":"max-video-preview:-1"},"canonical":"https:\/\/www.alster-ergotherapie.de\/index.php\/therapien\/ergotherapie-in-der-paediatrie\/","og_locale":"de_DE","og_type":"article","og_title":"Therapeutische Ziele in der P\u00e4diatrie","og_description":"Ergotherapie in der P\u00e4diatrie hilft Kindern, die in ihrer Entwicklung gegen\u00fcber Gleichaltrigen zur\u00fcckbleiben. Vereinbaren Sie jetzt Ihren Termin in Hamburg.","og_url":"https:\/\/www.alster-ergotherapie.de\/index.php\/therapien\/ergotherapie-in-der-paediatrie\/","og_site_name":"Alster Ergotherapie","article_modified_time":"2018-08-02T12:25:14+00:00","twitter_card":"summary_large_image","twitter_misc":{"Gesch\u00e4tzte Lesezeit":"1\u00a0Minute"},"schema":{"@context":"https:\/\/schema.org","@graph":[{"@type":"WebPage","@id":"https:\/\/www.alster-ergotherapie.de\/index.php\/therapien\/ergotherapie-in-der-paediatrie\/","url":"https:\/\/www.alster-ergotherapie.de\/index.php\/therapien\/ergotherapie-in-der-paediatrie\/","name":"Therapeutische Ziele in der P\u00e4diatrie","isPartOf":{"@id":"https:\/\/www.alster-ergotherapie.de\/#website"},"datePublished":"2018-05-30T09:36:34+00:00","dateModified":"2018-08-02T12:25:14+00:00","description":"Ergotherapie in der P\u00e4diatrie hilft Kindern, die in ihrer Entwicklung gegen\u00fcber Gleichaltrigen zur\u00fcckbleiben. Vereinbaren Sie jetzt Ihren Termin in Hamburg.","breadcrumb":{"@id":"https:\/\/www.alster-ergotherapie.de\/index.php\/therapien\/ergotherapie-in-der-paediatrie\/#breadcrumb"},"inLanguage":"de","potentialAction":[{"@type":"ReadAction","target":["https:\/\/www.alster-ergotherapie.de\/index.php\/therapien\/ergotherapie-in-der-paediatrie\/"]}]},{"@type":"BreadcrumbList","@id":"https:\/\/www.alster-ergotherapie.de\/index.php\/therapien\/ergotherapie-in-der-paediatrie\/#breadcrumb","itemListElement":[{"@type":"ListItem","position":1,"name":"Startseite","item":"https:\/\/www.alster-ergotherapie.de\/"},{"@type":"ListItem","position":2,"name":"Therapien","item":"https:\/\/www.alster-ergotherapie.de\/index.php\/therapien\/"},{"@type":"ListItem","position":3,"name":"Ergotherapie in der P\u00e4diatrie"}]},{"@type":"WebSite","@id":"https:\/\/www.alster-ergotherapie.de\/#website","url":"https:\/\/www.alster-ergotherapie.de\/","name":"Alster Ergotherapie","description":"","potentialAction":[{"@type":"SearchAction","target":{"@type":"EntryPoint","urlTemplate":"https:\/\/www.alster-ergotherapie.de\/?s={search_term_string}"},"query-input":{"@type":"PropertyValueSpecification","valueRequired":true,"valueName":"search_term_string"}}],"inLanguage":"de"}]}},"_links":{"self":[{"href":"https:\/\/www.alster-ergotherapie.de\/index.php\/wp-json\/wp\/v2\/pages\/3587","targetHints":{"allow":["GET"]}}],"collection":[{"href":"https:\/\/www.alster-ergotherapie.de\/index.php\/wp-json\/wp\/v2\/pages"}],"about":[{"href":"https:\/\/www.alster-ergotherapie.de\/index.php\/wp-json\/wp\/v2\/types\/page"}],"author":[{"embeddable":true,"href":"https:\/\/www.alster-ergotherapie.de\/index.php\/wp-json\/wp\/v2\/users\/1"}],"replies":[{"embeddable":true,"href":"https:\/\/www.alster-ergotherapie.de\/index.php\/wp-json\/wp\/v2\/comments?post=3587"}],"version-history":[{"count":3,"href":"https:\/\/www.alster-ergotherapie.de\/index.php\/wp-json\/wp\/v2\/pages\/3587\/revisions"}],"predecessor-version":[{"id":3981,"href":"https:\/\/www.alster-ergotherapie.de\/index.php\/wp-json\/wp\/v2\/pages\/3587\/revisions\/3981"}],"up":[{"embeddable":true,"href":"https:\/\/www.alster-ergotherapie.de\/index.php\/wp-json\/wp\/v2\/pages\/3565"}],"wp:attachment":[{"href":"https:\/\/www.alster-ergotherapie.de\/index.php\/wp-json\/wp\/v2\/media?parent=3587"}],"curies":[{"name":"wp","href":"https:\/\/api.w.org\/{rel}","templated":true}]}}