{"id":3589,"date":"2018-05-30T11:36:47","date_gmt":"2018-05-30T09:36:47","guid":{"rendered":"https:\/\/www.alster-ergotherapie.de\/?page_id=3589"},"modified":"2018-08-02T14:25:34","modified_gmt":"2018-08-02T12:25:34","slug":"ergotherapie-in-der-psychiatrie","status":"publish","type":"page","link":"https:\/\/www.alster-ergotherapie.de\/index.php\/therapien\/ergotherapie-in-der-psychiatrie\/","title":{"rendered":"Ergotherapie in der Psychiatrie"},"content":{"rendered":"<h1 class=\"cms-heading-inner\" style=\"font-size: 35px; text-align: left;\">Ergotherapie in der Psychiatrie<\/h1>\n<hr class=\"divider_30_1\" \/>\n<p>Ergotherapie unterst\u00fctzt Personen, die durch psychische Krankheit, altersbedingte psychische St\u00f6rungen, entwicklungsbedingte St\u00f6rungen, soziale Umst\u00e4nde oder einen Unfall in ihrer Handlungsf\u00e4higkeit beeintr\u00e4chtigt sind.<\/p>\n<p><strong>Ziel der Ergotherapie:<\/strong><\/p>\n<ul>\n<li>Rehabilitation<\/li>\n<li>Wiedererlangen und Erhalten von bestm\u00f6glicher Handlungskompetenz<\/li>\n<li>Selbstst\u00e4ndigkeit<\/li>\n<li>Sozialer Zugeh\u00f6rigkeit und Lebensqualit\u00e4t.<\/li>\n<\/ul>\n","protected":false},"excerpt":{"rendered":"<p>Ergotherapie in der Psychiatrie Ergotherapie unterst\u00fctzt Personen, die durch psychische Krankheit, altersbedingte psychische St\u00f6rungen, entwicklungsbedingte St\u00f6rungen, soziale Umst\u00e4nde oder einen Unfall in ihrer Handlungsf\u00e4higkeit beeintr\u00e4chtigt sind. Ziel der Ergotherapie: Rehabilitation Wiedererlangen und Erhalten von bestm\u00f6glicher Handlungskompetenz Selbstst\u00e4ndigkeit Sozialer Zugeh\u00f6rigkeit und Lebensqualit\u00e4t.<\/p>\n","protected":false},"author":1,"featured_media":0,"parent":3565,"menu_order":0,"comment_status":"closed","ping_status":"closed","template":"","meta":{"footnotes":""},"class_list":["post-3589","page","type-page","status-publish","hentry"],"yoast_head":"<!-- This site is optimized with the Yoast SEO plugin v27.3 - https:\/\/yoast.com\/product\/yoast-seo-wordpress\/ -->\n<title>Therapeutische Ziele in der Psychatrie<\/title>\n<meta name=\"description\" content=\"Ergotherapie in der Psychatrie unterst\u00fctzt Personen, die durch psychische Erkrankungen beeintr\u00e4chtigt sind. Vereinbaren Sie jetzt Ihren Termin in Hamburg.\" \/>\n<meta name=\"robots\" content=\"index, follow, max-snippet:-1, max-image-preview:large, max-video-preview:-1\" \/>\n<link rel=\"canonical\" href=\"https:\/\/www.alster-ergotherapie.de\/index.php\/therapien\/ergotherapie-in-der-psychiatrie\/\" \/>\n<meta property=\"og:locale\" content=\"de_DE\" \/>\n<meta property=\"og:type\" content=\"article\" \/>\n<meta property=\"og:title\" content=\"Therapeutische Ziele in der Psychatrie\" \/>\n<meta property=\"og:description\" content=\"Ergotherapie in der Psychatrie unterst\u00fctzt Personen, die durch psychische Erkrankungen beeintr\u00e4chtigt sind. Vereinbaren Sie jetzt Ihren Termin in Hamburg.\" \/>\n<meta property=\"og:url\" content=\"https:\/\/www.alster-ergotherapie.de\/index.php\/therapien\/ergotherapie-in-der-psychiatrie\/\" \/>\n<meta property=\"og:site_name\" content=\"Alster Ergotherapie\" \/>\n<meta property=\"article:modified_time\" content=\"2018-08-02T12:25:34+00:00\" \/>\n<meta name=\"twitter:card\" content=\"summary_large_image\" \/>\n<script type=\"application\/ld+json\" class=\"yoast-schema-graph\">{\"@context\":\"https:\\\/\\\/schema.org\",\"@graph\":[{\"@type\":\"WebPage\",\"@id\":\"https:\\\/\\\/www.alster-ergotherapie.de\\\/index.php\\\/therapien\\\/ergotherapie-in-der-psychiatrie\\\/\",\"url\":\"https:\\\/\\\/www.alster-ergotherapie.de\\\/index.php\\\/therapien\\\/ergotherapie-in-der-psychiatrie\\\/\",\"name\":\"Therapeutische Ziele in der Psychatrie\",\"isPartOf\":{\"@id\":\"https:\\\/\\\/www.alster-ergotherapie.de\\\/#website\"},\"datePublished\":\"2018-05-30T09:36:47+00:00\",\"dateModified\":\"2018-08-02T12:25:34+00:00\",\"description\":\"Ergotherapie in der Psychatrie unterst\u00fctzt Personen, die durch psychische Erkrankungen beeintr\u00e4chtigt sind. Vereinbaren Sie jetzt Ihren Termin in Hamburg.\",\"breadcrumb\":{\"@id\":\"https:\\\/\\\/www.alster-ergotherapie.de\\\/index.php\\\/therapien\\\/ergotherapie-in-der-psychiatrie\\\/#breadcrumb\"},\"inLanguage\":\"de\",\"potentialAction\":[{\"@type\":\"ReadAction\",\"target\":[\"https:\\\/\\\/www.alster-ergotherapie.de\\\/index.php\\\/therapien\\\/ergotherapie-in-der-psychiatrie\\\/\"]}]},{\"@type\":\"BreadcrumbList\",\"@id\":\"https:\\\/\\\/www.alster-ergotherapie.de\\\/index.php\\\/therapien\\\/ergotherapie-in-der-psychiatrie\\\/#breadcrumb\",\"itemListElement\":[{\"@type\":\"ListItem\",\"position\":1,\"name\":\"Startseite\",\"item\":\"https:\\\/\\\/www.alster-ergotherapie.de\\\/\"},{\"@type\":\"ListItem\",\"position\":2,\"name\":\"Therapien\",\"item\":\"https:\\\/\\\/www.alster-ergotherapie.de\\\/index.php\\\/therapien\\\/\"},{\"@type\":\"ListItem\",\"position\":3,\"name\":\"Ergotherapie in der Psychiatrie\"}]},{\"@type\":\"WebSite\",\"@id\":\"https:\\\/\\\/www.alster-ergotherapie.de\\\/#website\",\"url\":\"https:\\\/\\\/www.alster-ergotherapie.de\\\/\",\"name\":\"Alster Ergotherapie\",\"description\":\"\",\"potentialAction\":[{\"@type\":\"SearchAction\",\"target\":{\"@type\":\"EntryPoint\",\"urlTemplate\":\"https:\\\/\\\/www.alster-ergotherapie.de\\\/?s={search_term_string}\"},\"query-input\":{\"@type\":\"PropertyValueSpecification\",\"valueRequired\":true,\"valueName\":\"search_term_string\"}}],\"inLanguage\":\"de\"}]}<\/script>\n<!-- \/ Yoast SEO plugin. -->","yoast_head_json":{"title":"Therapeutische Ziele in der Psychatrie","description":"Ergotherapie in der Psychatrie unterst\u00fctzt Personen, die durch psychische Erkrankungen beeintr\u00e4chtigt sind. Vereinbaren Sie jetzt Ihren Termin in Hamburg.","robots":{"index":"index","follow":"follow","max-snippet":"max-snippet:-1","max-image-preview":"max-image-preview:large","max-video-preview":"max-video-preview:-1"},"canonical":"https:\/\/www.alster-ergotherapie.de\/index.php\/therapien\/ergotherapie-in-der-psychiatrie\/","og_locale":"de_DE","og_type":"article","og_title":"Therapeutische Ziele in der Psychatrie","og_description":"Ergotherapie in der Psychatrie unterst\u00fctzt Personen, die durch psychische Erkrankungen beeintr\u00e4chtigt sind. Vereinbaren Sie jetzt Ihren Termin in Hamburg.","og_url":"https:\/\/www.alster-ergotherapie.de\/index.php\/therapien\/ergotherapie-in-der-psychiatrie\/","og_site_name":"Alster Ergotherapie","article_modified_time":"2018-08-02T12:25:34+00:00","twitter_card":"summary_large_image","schema":{"@context":"https:\/\/schema.org","@graph":[{"@type":"WebPage","@id":"https:\/\/www.alster-ergotherapie.de\/index.php\/therapien\/ergotherapie-in-der-psychiatrie\/","url":"https:\/\/www.alster-ergotherapie.de\/index.php\/therapien\/ergotherapie-in-der-psychiatrie\/","name":"Therapeutische Ziele in der Psychatrie","isPartOf":{"@id":"https:\/\/www.alster-ergotherapie.de\/#website"},"datePublished":"2018-05-30T09:36:47+00:00","dateModified":"2018-08-02T12:25:34+00:00","description":"Ergotherapie in der Psychatrie unterst\u00fctzt Personen, die durch psychische Erkrankungen beeintr\u00e4chtigt sind. Vereinbaren Sie jetzt Ihren Termin in Hamburg.","breadcrumb":{"@id":"https:\/\/www.alster-ergotherapie.de\/index.php\/therapien\/ergotherapie-in-der-psychiatrie\/#breadcrumb"},"inLanguage":"de","potentialAction":[{"@type":"ReadAction","target":["https:\/\/www.alster-ergotherapie.de\/index.php\/therapien\/ergotherapie-in-der-psychiatrie\/"]}]},{"@type":"BreadcrumbList","@id":"https:\/\/www.alster-ergotherapie.de\/index.php\/therapien\/ergotherapie-in-der-psychiatrie\/#breadcrumb","itemListElement":[{"@type":"ListItem","position":1,"name":"Startseite","item":"https:\/\/www.alster-ergotherapie.de\/"},{"@type":"ListItem","position":2,"name":"Therapien","item":"https:\/\/www.alster-ergotherapie.de\/index.php\/therapien\/"},{"@type":"ListItem","position":3,"name":"Ergotherapie in der Psychiatrie"}]},{"@type":"WebSite","@id":"https:\/\/www.alster-ergotherapie.de\/#website","url":"https:\/\/www.alster-ergotherapie.de\/","name":"Alster Ergotherapie","description":"","potentialAction":[{"@type":"SearchAction","target":{"@type":"EntryPoint","urlTemplate":"https:\/\/www.alster-ergotherapie.de\/?s={search_term_string}"},"query-input":{"@type":"PropertyValueSpecification","valueRequired":true,"valueName":"search_term_string"}}],"inLanguage":"de"}]}},"_links":{"self":[{"href":"https:\/\/www.alster-ergotherapie.de\/index.php\/wp-json\/wp\/v2\/pages\/3589","targetHints":{"allow":["GET"]}}],"collection":[{"href":"https:\/\/www.alster-ergotherapie.de\/index.php\/wp-json\/wp\/v2\/pages"}],"about":[{"href":"https:\/\/www.alster-ergotherapie.de\/index.php\/wp-json\/wp\/v2\/types\/page"}],"author":[{"embeddable":true,"href":"https:\/\/www.alster-ergotherapie.de\/index.php\/wp-json\/wp\/v2\/users\/1"}],"replies":[{"embeddable":true,"href":"https:\/\/www.alster-ergotherapie.de\/index.php\/wp-json\/wp\/v2\/comments?post=3589"}],"version-history":[{"count":6,"href":"https:\/\/www.alster-ergotherapie.de\/index.php\/wp-json\/wp\/v2\/pages\/3589\/revisions"}],"predecessor-version":[{"id":3836,"href":"https:\/\/www.alster-ergotherapie.de\/index.php\/wp-json\/wp\/v2\/pages\/3589\/revisions\/3836"}],"up":[{"embeddable":true,"href":"https:\/\/www.alster-ergotherapie.de\/index.php\/wp-json\/wp\/v2\/pages\/3565"}],"wp:attachment":[{"href":"https:\/\/www.alster-ergotherapie.de\/index.php\/wp-json\/wp\/v2\/media?parent=3589"}],"curies":[{"name":"wp","href":"https:\/\/api.w.org\/{rel}","templated":true}]}}