{"id":3591,"date":"2018-05-30T11:36:59","date_gmt":"2018-05-30T09:36:59","guid":{"rendered":"https:\/\/www.alster-ergotherapie.de\/?page_id=3591"},"modified":"2018-08-02T14:24:26","modified_gmt":"2018-08-02T12:24:26","slug":"ergotherapie-in-der-geriatrie","status":"publish","type":"page","link":"https:\/\/www.alster-ergotherapie.de\/index.php\/therapien\/ergotherapie-in-der-geriatrie\/","title":{"rendered":"Ergotherapie in der Geriatrie"},"content":{"rendered":"<h1 class=\"cms-heading-inner\" style=\"font-size: 35px; text-align: left;\">Ergotherapie in der Geriatrie<\/h1>\n<hr class=\"divider_30_1\" \/>\n<p><strong>Ziele der Ergotherapie mit \u00e4lteren\/alten Menschen sind:<\/strong><\/p>\n<ul>\n<li>Das Erreichen und\/oder Erhalten von gr\u00f6\u00dftm\u00f6glicher Selbstst\u00e4ndigkeit durch Training der k\u00f6rperlichen und geistigen Funktionen<\/li>\n<li>Erarbeiten von Kompensationsm\u00f6glichkeiten bei bleibenden Defiziten<\/li>\n<li>Verbesserung und Erhaltung der Lebensqualit\u00e4t zu Hause, im Alters- oder Pflegeheim<\/li>\n<li>F\u00e4higkeiten zu sozialen Kontakten f\u00f6rdern und erhalten<\/li>\n<li>Pr\u00e4vention von Folgesch\u00e4den<\/li>\n<\/ul>\n","protected":false},"excerpt":{"rendered":"<p>Ergotherapie in der Geriatrie Ziele der Ergotherapie mit \u00e4lteren\/alten Menschen sind: Das Erreichen und\/oder Erhalten von gr\u00f6\u00dftm\u00f6glicher Selbstst\u00e4ndigkeit durch Training der k\u00f6rperlichen und geistigen Funktionen Erarbeiten von Kompensationsm\u00f6glichkeiten bei bleibenden Defiziten Verbesserung und Erhaltung der Lebensqualit\u00e4t zu Hause, im Alters- oder Pflegeheim F\u00e4higkeiten zu sozialen Kontakten f\u00f6rdern und erhalten Pr\u00e4vention von Folgesch\u00e4den<\/p>\n","protected":false},"author":1,"featured_media":0,"parent":3565,"menu_order":0,"comment_status":"closed","ping_status":"closed","template":"","meta":{"footnotes":""},"class_list":["post-3591","page","type-page","status-publish","hentry"],"yoast_head":"<!-- This site is optimized with the Yoast SEO plugin v27.3 - https:\/\/yoast.com\/product\/yoast-seo-wordpress\/ -->\n<title>Therapeutische Ziele in der Geriatrie<\/title>\n<meta name=\"description\" content=\"Ergotherapie in der Geriatrie unterst\u00fctzt \u00e4ltere Menschen bei der Erhaltung ihrer Selbstst\u00e4ndigkeit. Vereinbaren Sie jetzt Ihren Termin in Hamburg.\" \/>\n<meta name=\"robots\" content=\"index, follow, max-snippet:-1, max-image-preview:large, max-video-preview:-1\" \/>\n<link rel=\"canonical\" href=\"https:\/\/www.alster-ergotherapie.de\/index.php\/therapien\/ergotherapie-in-der-geriatrie\/\" \/>\n<meta property=\"og:locale\" content=\"de_DE\" \/>\n<meta property=\"og:type\" content=\"article\" \/>\n<meta property=\"og:title\" content=\"Therapeutische Ziele in der Geriatrie\" \/>\n<meta property=\"og:description\" content=\"Ergotherapie in der Geriatrie unterst\u00fctzt \u00e4ltere Menschen bei der Erhaltung ihrer Selbstst\u00e4ndigkeit. Vereinbaren Sie jetzt Ihren Termin in Hamburg.\" \/>\n<meta property=\"og:url\" content=\"https:\/\/www.alster-ergotherapie.de\/index.php\/therapien\/ergotherapie-in-der-geriatrie\/\" \/>\n<meta property=\"og:site_name\" content=\"Alster Ergotherapie\" \/>\n<meta property=\"article:modified_time\" content=\"2018-08-02T12:24:26+00:00\" \/>\n<meta name=\"twitter:card\" content=\"summary_large_image\" \/>\n<script type=\"application\/ld+json\" class=\"yoast-schema-graph\">{\"@context\":\"https:\\\/\\\/schema.org\",\"@graph\":[{\"@type\":\"WebPage\",\"@id\":\"https:\\\/\\\/www.alster-ergotherapie.de\\\/index.php\\\/therapien\\\/ergotherapie-in-der-geriatrie\\\/\",\"url\":\"https:\\\/\\\/www.alster-ergotherapie.de\\\/index.php\\\/therapien\\\/ergotherapie-in-der-geriatrie\\\/\",\"name\":\"Therapeutische Ziele in der Geriatrie\",\"isPartOf\":{\"@id\":\"https:\\\/\\\/www.alster-ergotherapie.de\\\/#website\"},\"datePublished\":\"2018-05-30T09:36:59+00:00\",\"dateModified\":\"2018-08-02T12:24:26+00:00\",\"description\":\"Ergotherapie in der Geriatrie unterst\u00fctzt \u00e4ltere Menschen bei der Erhaltung ihrer Selbstst\u00e4ndigkeit. Vereinbaren Sie jetzt Ihren Termin in Hamburg.\",\"breadcrumb\":{\"@id\":\"https:\\\/\\\/www.alster-ergotherapie.de\\\/index.php\\\/therapien\\\/ergotherapie-in-der-geriatrie\\\/#breadcrumb\"},\"inLanguage\":\"de\",\"potentialAction\":[{\"@type\":\"ReadAction\",\"target\":[\"https:\\\/\\\/www.alster-ergotherapie.de\\\/index.php\\\/therapien\\\/ergotherapie-in-der-geriatrie\\\/\"]}]},{\"@type\":\"BreadcrumbList\",\"@id\":\"https:\\\/\\\/www.alster-ergotherapie.de\\\/index.php\\\/therapien\\\/ergotherapie-in-der-geriatrie\\\/#breadcrumb\",\"itemListElement\":[{\"@type\":\"ListItem\",\"position\":1,\"name\":\"Startseite\",\"item\":\"https:\\\/\\\/www.alster-ergotherapie.de\\\/\"},{\"@type\":\"ListItem\",\"position\":2,\"name\":\"Therapien\",\"item\":\"https:\\\/\\\/www.alster-ergotherapie.de\\\/index.php\\\/therapien\\\/\"},{\"@type\":\"ListItem\",\"position\":3,\"name\":\"Ergotherapie in der Geriatrie\"}]},{\"@type\":\"WebSite\",\"@id\":\"https:\\\/\\\/www.alster-ergotherapie.de\\\/#website\",\"url\":\"https:\\\/\\\/www.alster-ergotherapie.de\\\/\",\"name\":\"Alster Ergotherapie\",\"description\":\"\",\"potentialAction\":[{\"@type\":\"SearchAction\",\"target\":{\"@type\":\"EntryPoint\",\"urlTemplate\":\"https:\\\/\\\/www.alster-ergotherapie.de\\\/?s={search_term_string}\"},\"query-input\":{\"@type\":\"PropertyValueSpecification\",\"valueRequired\":true,\"valueName\":\"search_term_string\"}}],\"inLanguage\":\"de\"}]}<\/script>\n<!-- \/ Yoast SEO plugin. -->","yoast_head_json":{"title":"Therapeutische Ziele in der Geriatrie","description":"Ergotherapie in der Geriatrie unterst\u00fctzt \u00e4ltere Menschen bei der Erhaltung ihrer Selbstst\u00e4ndigkeit. Vereinbaren Sie jetzt Ihren Termin in Hamburg.","robots":{"index":"index","follow":"follow","max-snippet":"max-snippet:-1","max-image-preview":"max-image-preview:large","max-video-preview":"max-video-preview:-1"},"canonical":"https:\/\/www.alster-ergotherapie.de\/index.php\/therapien\/ergotherapie-in-der-geriatrie\/","og_locale":"de_DE","og_type":"article","og_title":"Therapeutische Ziele in der Geriatrie","og_description":"Ergotherapie in der Geriatrie unterst\u00fctzt \u00e4ltere Menschen bei der Erhaltung ihrer Selbstst\u00e4ndigkeit. Vereinbaren Sie jetzt Ihren Termin in Hamburg.","og_url":"https:\/\/www.alster-ergotherapie.de\/index.php\/therapien\/ergotherapie-in-der-geriatrie\/","og_site_name":"Alster Ergotherapie","article_modified_time":"2018-08-02T12:24:26+00:00","twitter_card":"summary_large_image","schema":{"@context":"https:\/\/schema.org","@graph":[{"@type":"WebPage","@id":"https:\/\/www.alster-ergotherapie.de\/index.php\/therapien\/ergotherapie-in-der-geriatrie\/","url":"https:\/\/www.alster-ergotherapie.de\/index.php\/therapien\/ergotherapie-in-der-geriatrie\/","name":"Therapeutische Ziele in der Geriatrie","isPartOf":{"@id":"https:\/\/www.alster-ergotherapie.de\/#website"},"datePublished":"2018-05-30T09:36:59+00:00","dateModified":"2018-08-02T12:24:26+00:00","description":"Ergotherapie in der Geriatrie unterst\u00fctzt \u00e4ltere Menschen bei der Erhaltung ihrer Selbstst\u00e4ndigkeit. Vereinbaren Sie jetzt Ihren Termin in Hamburg.","breadcrumb":{"@id":"https:\/\/www.alster-ergotherapie.de\/index.php\/therapien\/ergotherapie-in-der-geriatrie\/#breadcrumb"},"inLanguage":"de","potentialAction":[{"@type":"ReadAction","target":["https:\/\/www.alster-ergotherapie.de\/index.php\/therapien\/ergotherapie-in-der-geriatrie\/"]}]},{"@type":"BreadcrumbList","@id":"https:\/\/www.alster-ergotherapie.de\/index.php\/therapien\/ergotherapie-in-der-geriatrie\/#breadcrumb","itemListElement":[{"@type":"ListItem","position":1,"name":"Startseite","item":"https:\/\/www.alster-ergotherapie.de\/"},{"@type":"ListItem","position":2,"name":"Therapien","item":"https:\/\/www.alster-ergotherapie.de\/index.php\/therapien\/"},{"@type":"ListItem","position":3,"name":"Ergotherapie in der Geriatrie"}]},{"@type":"WebSite","@id":"https:\/\/www.alster-ergotherapie.de\/#website","url":"https:\/\/www.alster-ergotherapie.de\/","name":"Alster Ergotherapie","description":"","potentialAction":[{"@type":"SearchAction","target":{"@type":"EntryPoint","urlTemplate":"https:\/\/www.alster-ergotherapie.de\/?s={search_term_string}"},"query-input":{"@type":"PropertyValueSpecification","valueRequired":true,"valueName":"search_term_string"}}],"inLanguage":"de"}]}},"_links":{"self":[{"href":"https:\/\/www.alster-ergotherapie.de\/index.php\/wp-json\/wp\/v2\/pages\/3591","targetHints":{"allow":["GET"]}}],"collection":[{"href":"https:\/\/www.alster-ergotherapie.de\/index.php\/wp-json\/wp\/v2\/pages"}],"about":[{"href":"https:\/\/www.alster-ergotherapie.de\/index.php\/wp-json\/wp\/v2\/types\/page"}],"author":[{"embeddable":true,"href":"https:\/\/www.alster-ergotherapie.de\/index.php\/wp-json\/wp\/v2\/users\/1"}],"replies":[{"embeddable":true,"href":"https:\/\/www.alster-ergotherapie.de\/index.php\/wp-json\/wp\/v2\/comments?post=3591"}],"version-history":[{"count":5,"href":"https:\/\/www.alster-ergotherapie.de\/index.php\/wp-json\/wp\/v2\/pages\/3591\/revisions"}],"predecessor-version":[{"id":4038,"href":"https:\/\/www.alster-ergotherapie.de\/index.php\/wp-json\/wp\/v2\/pages\/3591\/revisions\/4038"}],"up":[{"embeddable":true,"href":"https:\/\/www.alster-ergotherapie.de\/index.php\/wp-json\/wp\/v2\/pages\/3565"}],"wp:attachment":[{"href":"https:\/\/www.alster-ergotherapie.de\/index.php\/wp-json\/wp\/v2\/media?parent=3591"}],"curies":[{"name":"wp","href":"https:\/\/api.w.org\/{rel}","templated":true}]}}