{"id":3635,"date":"2018-05-30T15:35:59","date_gmt":"2018-05-30T13:35:59","guid":{"rendered":"https:\/\/www.alster-ergotherapie.de\/?page_id=3635"},"modified":"2018-08-06T14:16:57","modified_gmt":"2018-08-06T12:16:57","slug":"datenschutzrichtlinien","status":"publish","type":"page","link":"https:\/\/www.alster-ergotherapie.de\/index.php\/datenschutzrichtlinien\/","title":{"rendered":"Datenschutzrichtlinien"},"content":{"rendered":"<h1>Datenschutzrichtlinien<\/h1>\n<hr class=\"divider_30_1\" \/>\n<ol>\n<li><b> Einleitung und allgemeine Bestimmungen<\/b><\/li>\n<\/ol>\n<p>Sie besuchen die Website der\u00a0Alster-Ergotherapie\u00a0Nirmala\u00a0Nilgens Hamburg https:\/\/www.alster-ergotherapie.de\/.<\/p>\n<p><span data-ccp-props=\"{}\">\u00a0<\/span><\/p>\n<ol start=\"2\">\n<li><b> Erhebung und Speicherung personenbezogener Daten sowie Art und Zweck von deren Verwendung<\/b><\/li>\n<\/ol>\n<p>a) Beim Besuch der Webseite<\/p>\n<p>Beim Aufrufen unserer Webseite werden durch den auf Ihrem Endger\u00e4t zum Einsatz kommenden Browser automatisch\u00a0Informationen an den Server unserer Website gesendet. Diese Informationen werden tempor\u00e4r in einem sog. Logfile\u00a0gespeichert. Folgende Informationen werden dabei ohne Ihr Zutun erfasst und bis zur automatisierten L\u00f6schung\u00a0gespeichert:<span data-ccp-props=\"{&quot;201341983&quot;:0,&quot;335559739&quot;:100,&quot;335559740&quot;:372}\">\u00a0<\/span><\/p>\n<ul>\n<li>Name der abgerufenen Datei<span data-ccp-props=\"{&quot;201341983&quot;:0,&quot;335559739&quot;:100,&quot;335559740&quot;:240}\">\u00a0<\/span><\/li>\n<li>Datum und Uhrzeit des Abrufs<span data-ccp-props=\"{&quot;201341983&quot;:0,&quot;335559739&quot;:100,&quot;335559740&quot;:240}\">\u00a0<\/span><\/li>\n<li>\u00fcbertragene Datenmenge<span data-ccp-props=\"{&quot;201341983&quot;:0,&quot;335559739&quot;:100,&quot;335559740&quot;:240}\">\u00a0<\/span><\/li>\n<li>Meldung, ob der Abruf erfolgreich war<span data-ccp-props=\"{&quot;201341983&quot;:0,&quot;335559739&quot;:100,&quot;335559740&quot;:240}\">\u00a0<\/span><\/li>\n<li>Beschreibung des Typs des verwendeten Webbrowsers<span data-ccp-props=\"{&quot;201341983&quot;:0,&quot;335559739&quot;:100,&quot;335559740&quot;:240}\">\u00a0<\/span><\/li>\n<li>verwendetes Betriebssystem<span data-ccp-props=\"{&quot;201341983&quot;:0,&quot;335559739&quot;:100,&quot;335559740&quot;:240}\">\u00a0<\/span><\/li>\n<li>die zuvor besuchte Seite<span data-ccp-props=\"{&quot;201341983&quot;:0,&quot;335559739&quot;:100,&quot;335559740&quot;:240}\">\u00a0<\/span><\/li>\n<li>Provider<span data-ccp-props=\"{&quot;201341983&quot;:0,&quot;335559739&quot;:100,&quot;335559740&quot;:240}\">\u00a0<\/span><\/li>\n<li>Ihre IP-Adresse<span data-ccp-props=\"{&quot;201341983&quot;:0,&quot;335559739&quot;:100,&quot;335559740&quot;:240}\">\u00a0<\/span><\/li>\n<\/ul>\n<p>Die genannten Daten werden durch uns zu folgenden Zwecken verarbeitet:<span data-ccp-props=\"{&quot;201341983&quot;:0,&quot;335559739&quot;:100,&quot;335559740&quot;:372}\">\u00a0<\/span><\/p>\n<ul>\n<li data-leveltext=\"-\" data-font=\"Lato Light\" data-listid=\"27\" aria-setsize=\"-1\" data-aria-posinset=\"1\" data-aria-level=\"1\">Gew\u00e4hrleistung eines reibungslosen Verbindungsaufbaus der Website,<span data-ccp-props=\"{&quot;201341983&quot;:0,&quot;335559739&quot;:100,&quot;335559740&quot;:240}\">\u00a0<\/span><\/li>\n<li data-leveltext=\"-\" data-font=\"Lato Light\" data-listid=\"27\" aria-setsize=\"-1\" data-aria-posinset=\"2\" data-aria-level=\"1\">Gew\u00e4hrleistung einer komfortablen Nutzung unserer Website,<span data-ccp-props=\"{&quot;201341983&quot;:0,&quot;335559739&quot;:100,&quot;335559740&quot;:240}\">\u00a0<\/span><\/li>\n<li data-leveltext=\"-\" data-font=\"Lato Light\" data-listid=\"27\" aria-setsize=\"-1\" data-aria-posinset=\"3\" data-aria-level=\"1\">Auswertung der Systemsicherheit und -stabilit\u00e4t sowie<span data-ccp-props=\"{&quot;201341983&quot;:0,&quot;335559739&quot;:100,&quot;335559740&quot;:240}\">\u00a0<\/span><\/li>\n<li data-leveltext=\"-\" data-font=\"Lato Light\" data-listid=\"27\" aria-setsize=\"-1\" data-aria-posinset=\"4\" data-aria-level=\"1\">zu weiteren administrativen Zwecken.<span data-ccp-props=\"{&quot;201341983&quot;:0,&quot;335559739&quot;:100,&quot;335559740&quot;:240}\">\u00a0<\/span><\/li>\n<\/ul>\n<p>Die Rechtsgrundlage f\u00fcr die Datenverarbeitung ist Art. 6 Abs.1\u00a0lit.f\u00a0DSGVO. Unser berechtigtes Interesse folgt aus oben\u00a0aufgelisteten Zwecken zur Datenerhebung. In keinem Fall verwenden wir die erhobenen Daten zu dem Zweck,\u00a0R\u00fcckschl\u00fcsse auf Ihre Person zu ziehen.<span data-ccp-props=\"{&quot;201341983&quot;:0,&quot;335559739&quot;:100,&quot;335559740&quot;:372}\">\u00a0<\/span><span data-ccp-props=\"{&quot;201341983&quot;:0,&quot;335559739&quot;:100,&quot;335559740&quot;:372}\">\u00a0<\/span><\/p>\n<p>b) Bei Nutzung unseres Kontaktformulars<\/p>\n<p>Bei Fragen jeglicher Art bieten wir Ihnen die M\u00f6glichkeit, mit uns \u00fcber ein auf der Website bereitgestelltes Formular\u00a0Kontakt aufzunehmen. Dabei ist die Angabe einer g\u00fcltigen E-Mail-Adresse erforderlich, damit wir wissen, von wem die\u00a0Anfrage stammt und um diese beantworten zu k\u00f6nnen. Weitere Angaben k\u00f6nnen freiwillig get\u00e4tigt werden.<span data-ccp-props=\"{&quot;201341983&quot;:0,&quot;335559739&quot;:100,&quot;335559740&quot;:372}\">\u00a0<\/span><\/p>\n<p>Die Datenverarbeitung zum Zwecke der Kontaktaufnahme mit uns erfolgt nach Art. 6\u00a0Abs.1\u00a0lit.a\u00a0DSGVO auf Grundlage\u00a0Ihrer freiwillig erteilten Einwilligung.<span data-ccp-props=\"{&quot;201341983&quot;:0,&quot;335559739&quot;:100,&quot;335559740&quot;:372}\">\u00a0<\/span><\/p>\n<p>Die f\u00fcr die Benutzung des Kontaktformulars von uns erhobenen personenbezogenen Daten werden nach Erledigung der\u00a0von Ihnen gestellten Anfrage automatisch gel\u00f6scht.<span data-ccp-props=\"{&quot;201341983&quot;:0,&quot;335559739&quot;:100,&quot;335559740&quot;:372}\">\u00a0<\/span><\/p>\n<p><span data-ccp-props=\"{&quot;201341983&quot;:0,&quot;335559739&quot;:100,&quot;335559740&quot;:372}\">\u00a0<\/span><\/p>\n<ol start=\"3\">\n<li><b> Weitergabe von Daten<\/b><\/li>\n<\/ol>\n<p>Eine \u00dcbermittlung Ihrer pers\u00f6nlichen Daten an Dritte zu anderen als den im Folgenden aufgef\u00fchrten Zwecken findet nicht\u00a0statt.<span data-ccp-props=\"{&quot;201341983&quot;:0,&quot;335559739&quot;:100,&quot;335559740&quot;:372}\">\u00a0<\/span><\/p>\n<p>Wir geben Ihre pers\u00f6nlichen Daten nur an Dritte weiter, wenn:<span data-ccp-props=\"{&quot;201341983&quot;:0,&quot;335559739&quot;:100,&quot;335559740&quot;:372}\">\u00a0<\/span><\/p>\n<ul>\n<li>Sie Ihre nach Art. 6 Abs.1\u00a0lit.a\u00a0DSGVO ausdr\u00fcckliche Einwilligung dazu erteilt haben,\u00a0beispielsweise an\u00a0Versanddiesntleister\u00a0durch die Zustimmung gesonderten Teilnahmebedingungen im Rahmen von Gewinnspielen<span data-ccp-props=\"{&quot;201341983&quot;:0,&quot;335559739&quot;:100,&quot;335559740&quot;:372}\">\u00a0<\/span><\/li>\n<li>die Weitergabe nach Art.6 Abs.1\u00a0lit.f\u00a0DSGVO erforderlich ist und kein Grund zur Annahme besteht, dass Sie ein\u00a0\u00fcberwiegendes schutzw\u00fcrdiges Interesse an der Nichtweitergabe Ihrer Daten haben,<span data-ccp-props=\"{&quot;201341983&quot;:0,&quot;335559739&quot;:100,&quot;335559740&quot;:372}\">\u00a0<\/span><\/li>\n<li>f\u00fcr den Fall, dass f\u00fcr die Weitergabe nach Art. 6 Abs.1\u00a0lit.c\u00a0DSGVO eine gesetzliche Verpflichtung besteht, sowie<span data-ccp-props=\"{&quot;201341983&quot;:0,&quot;335559739&quot;:100,&quot;335559740&quot;:372}\">\u00a0<\/span><\/li>\n<li>dies gesetzlich zul\u00e4ssig und nach Art. 6 Abs.1\u00a0lit.b\u00a0DSGVO f\u00fcr die Abwicklung von Vertragsverh\u00e4ltnissen mit Ihnen\u00a0erforderlich ist.<span data-ccp-props=\"{&quot;201341983&quot;:0,&quot;335559739&quot;:100,&quot;335559740&quot;:372}\">\u00a0<\/span><\/li>\n<\/ul>\n<p><span data-ccp-props=\"{&quot;201341983&quot;:0,&quot;335559685&quot;:720,&quot;335559739&quot;:100,&quot;335559740&quot;:372}\">\u00a0<\/span><\/p>\n<ol start=\"4\">\n<li><b><\/b><b>Betroffenenrechte<\/b><\/li>\n<\/ol>\n<p>Ihnen stehen die nachfolgenden Betroffenenrechte zu:<span data-ccp-props=\"{&quot;201341983&quot;:0,&quot;335559739&quot;:100,&quot;335559740&quot;:372}\">\u00a0<\/span><\/p>\n<p>a) Auskunftsrecht<\/p>\n<p>Sie haben das Recht, von uns eine Best\u00e4tigung dar\u00fcber zu verlangen, ob Sie betreffende personenbezogene Daten\u00a0verarbeitet werden.<span data-ccp-props=\"{&quot;201341983&quot;:0,&quot;335559739&quot;:100,&quot;335559740&quot;:372}\">\u00a0<\/span><\/p>\n<p>b) Berichtigung\/L\u00f6schung\/Einschr\u00e4nkung der Verarbeitung<\/p>\n<p>Des Weiteren haben Sie das Recht, von uns zu verlangen, dass<span data-ccp-props=\"{&quot;201341983&quot;:0,&quot;335559739&quot;:100,&quot;335559740&quot;:372}\">\u00a0<\/span><\/p>\n<ul>\n<li>Sie betreffende unrichtige personenbezogene Daten unverz\u00fcglich berichtigt werden (Recht auf Berichtigung);<span data-ccp-props=\"{&quot;201341983&quot;:0,&quot;335559739&quot;:100,&quot;335559740&quot;:372}\">\u00a0<\/span><\/li>\n<li>Sie betreffende personenbezogene Daten unverz\u00fcglich gel\u00f6scht werden (Recht auf L\u00f6schung) und<span data-ccp-props=\"{&quot;201341983&quot;:0,&quot;335559739&quot;:100,&quot;335559740&quot;:372}\">\u00a0<\/span><\/li>\n<li>die Verarbeitung eingeschr\u00e4nkt wird (Recht auf Einschr\u00e4nken der Verarbeitung).<span data-ccp-props=\"{&quot;201341983&quot;:0,&quot;335559739&quot;:100,&quot;335559740&quot;:372}\">\u00a0<\/span><\/li>\n<\/ul>\n<p>c) Recht auf Daten\u00fcbertragbarkeit<\/p>\n<p>Sie haben das Recht, Sie betreffende personenbezogene Daten, die Sie uns\u00a0bereitgestellt haben, in einem\u00a0strukturierten, g\u00e4ngigen und maschinenlesbaren Format zu erhalten und diese Daten einem anderen Verantwortlichen\u00a0zu \u00fcbermitteln.<span data-ccp-props=\"{&quot;201341983&quot;:0,&quot;335559739&quot;:100,&quot;335559740&quot;:372}\">\u00a0<\/span><\/p>\n<p>d) Widerrufsrecht<\/p>\n<p>Sie haben das Recht, Ihre Einwilligung jederzeit zu widerrufen. Durch den Widerruf der Einwilligung wird die\u00a0Rechtm\u00e4\u00dfigkeit der aufgrund der Einwilligung bis zum Widerruf erfolgten Verarbeitung nicht ber\u00fchrt.<\/p>\n<p><span data-ccp-props=\"{&quot;201341983&quot;:0,&quot;335559739&quot;:100,&quot;335559740&quot;:372}\">e) <\/span>Widerspruchsrecht<\/p>\n<p>Ist die Verarbeitung Sie betreffender personenbezogener Daten f\u00fcr die Wahrnehmung einer Aufgabe, die im\u00a0\u00f6ffentlichen Interesse liegt (Art. 6 Abs. 1 Buchst. e) DSGVO) oder zur Wahrung unserer berechtigten Interessen (Art. 6\u00a0Abs. 1 Buchst. f) DSGVO) erforderlich, steht Ihnen ein Widerspruchsrecht zu.<span data-ccp-props=\"{&quot;201341983&quot;:0,&quot;335559739&quot;:100,&quot;335559740&quot;:372}\">\u00a0<\/span><\/p>\n<p>f) Beschwerderecht<\/p>\n<p>Sind Sie der Ansicht, dass die Verarbeitung der Sie betreffenden personenbezogenen\u00a0Daten gegen die DSGVO verst\u00f6\u00dft,\u00a0haben Sie unbeschadet anderweitiger Rechtsbehelfe das Recht auf Beschwerde bei einer Aufsichtsbeh\u00f6rde, die Daten Ihrer zust\u00e4ndigen Aufsichtsbeh\u00f6rde finden Sie\u202f<a href=\"http:\/\/ec.europa.eu\/justice\/data-protection\/article-29\/structure\/data-protection-authorities\/index_en.htm\">unter<\/a>\u00a0<a href=\"http:\/\/ec.europa.eu\/justice\/article-29\/structure\/data-protection-authorities\/index_en.htm\">http:\/\/ec.europa.eu\/justice\/article-29\/structure\/data-protection-authorities\/index_en.htm<\/a>\u00a0<span data-ccp-props=\"{&quot;201341983&quot;:0,&quot;335559739&quot;:100,&quot;335559740&quot;:372}\">\u00a0<\/span><\/p>\n","protected":false},"excerpt":{"rendered":"<p>Datenschutzrichtlinien Einleitung und allgemeine Bestimmungen Sie besuchen die Website der\u00a0Alster-Ergotherapie\u00a0Nirmala\u00a0Nilgens Hamburg https:\/\/www.alster-ergotherapie.de\/. \u00a0 Erhebung und Speicherung personenbezogener Daten sowie Art und Zweck von deren Verwendung a) Beim Besuch der Webseite Beim Aufrufen unserer Webseite werden durch den auf Ihrem Endger\u00e4t zum Einsatz kommenden Browser automatisch\u00a0Informationen an den Server unserer Website gesendet. Diese Informationen werden tempor\u00e4r [&hellip;]<\/p>\n","protected":false},"author":1,"featured_media":0,"parent":0,"menu_order":0,"comment_status":"closed","ping_status":"closed","template":"","meta":{"footnotes":""},"class_list":["post-3635","page","type-page","status-publish","hentry"],"yoast_head":"<!-- This site is optimized with the Yoast SEO plugin v27.3 - https:\/\/yoast.com\/product\/yoast-seo-wordpress\/ -->\n<title>Datenschutzrichtlinien - Alster Ergotherapie<\/title>\n<meta name=\"description\" content=\"Hier finden Sie die Datenschutzrichtlinien von Alster-Ergotherapie Nirmala Nilgens Hamburg.\" \/>\n<meta name=\"robots\" content=\"index, follow, max-snippet:-1, max-image-preview:large, max-video-preview:-1\" \/>\n<link rel=\"canonical\" href=\"https:\/\/www.alster-ergotherapie.de\/index.php\/datenschutzrichtlinien\/\" \/>\n<meta property=\"og:locale\" content=\"de_DE\" \/>\n<meta property=\"og:type\" content=\"article\" \/>\n<meta property=\"og:title\" content=\"Datenschutzrichtlinien - Alster Ergotherapie\" \/>\n<meta property=\"og:description\" content=\"Hier finden Sie die Datenschutzrichtlinien von Alster-Ergotherapie Nirmala Nilgens Hamburg.\" \/>\n<meta property=\"og:url\" content=\"https:\/\/www.alster-ergotherapie.de\/index.php\/datenschutzrichtlinien\/\" \/>\n<meta property=\"og:site_name\" content=\"Alster Ergotherapie\" \/>\n<meta property=\"article:modified_time\" content=\"2018-08-06T12:16:57+00:00\" \/>\n<meta name=\"twitter:card\" content=\"summary_large_image\" \/>\n<meta name=\"twitter:label1\" content=\"Gesch\u00e4tzte Lesezeit\" \/>\n\t<meta name=\"twitter:data1\" content=\"3\u00a0Minuten\" \/>\n<script type=\"application\/ld+json\" class=\"yoast-schema-graph\">{\"@context\":\"https:\\\/\\\/schema.org\",\"@graph\":[{\"@type\":\"WebPage\",\"@id\":\"https:\\\/\\\/www.alster-ergotherapie.de\\\/index.php\\\/datenschutzrichtlinien\\\/\",\"url\":\"https:\\\/\\\/www.alster-ergotherapie.de\\\/index.php\\\/datenschutzrichtlinien\\\/\",\"name\":\"Datenschutzrichtlinien - Alster Ergotherapie\",\"isPartOf\":{\"@id\":\"https:\\\/\\\/www.alster-ergotherapie.de\\\/#website\"},\"datePublished\":\"2018-05-30T13:35:59+00:00\",\"dateModified\":\"2018-08-06T12:16:57+00:00\",\"description\":\"Hier finden Sie die Datenschutzrichtlinien von Alster-Ergotherapie Nirmala Nilgens Hamburg.\",\"breadcrumb\":{\"@id\":\"https:\\\/\\\/www.alster-ergotherapie.de\\\/index.php\\\/datenschutzrichtlinien\\\/#breadcrumb\"},\"inLanguage\":\"de\",\"potentialAction\":[{\"@type\":\"ReadAction\",\"target\":[\"https:\\\/\\\/www.alster-ergotherapie.de\\\/index.php\\\/datenschutzrichtlinien\\\/\"]}]},{\"@type\":\"BreadcrumbList\",\"@id\":\"https:\\\/\\\/www.alster-ergotherapie.de\\\/index.php\\\/datenschutzrichtlinien\\\/#breadcrumb\",\"itemListElement\":[{\"@type\":\"ListItem\",\"position\":1,\"name\":\"Startseite\",\"item\":\"https:\\\/\\\/www.alster-ergotherapie.de\\\/\"},{\"@type\":\"ListItem\",\"position\":2,\"name\":\"Datenschutzrichtlinien\"}]},{\"@type\":\"WebSite\",\"@id\":\"https:\\\/\\\/www.alster-ergotherapie.de\\\/#website\",\"url\":\"https:\\\/\\\/www.alster-ergotherapie.de\\\/\",\"name\":\"Alster Ergotherapie\",\"description\":\"\",\"potentialAction\":[{\"@type\":\"SearchAction\",\"target\":{\"@type\":\"EntryPoint\",\"urlTemplate\":\"https:\\\/\\\/www.alster-ergotherapie.de\\\/?s={search_term_string}\"},\"query-input\":{\"@type\":\"PropertyValueSpecification\",\"valueRequired\":true,\"valueName\":\"search_term_string\"}}],\"inLanguage\":\"de\"}]}<\/script>\n<!-- \/ Yoast SEO plugin. -->","yoast_head_json":{"title":"Datenschutzrichtlinien - Alster Ergotherapie","description":"Hier finden Sie die Datenschutzrichtlinien von Alster-Ergotherapie Nirmala Nilgens Hamburg.","robots":{"index":"index","follow":"follow","max-snippet":"max-snippet:-1","max-image-preview":"max-image-preview:large","max-video-preview":"max-video-preview:-1"},"canonical":"https:\/\/www.alster-ergotherapie.de\/index.php\/datenschutzrichtlinien\/","og_locale":"de_DE","og_type":"article","og_title":"Datenschutzrichtlinien - Alster Ergotherapie","og_description":"Hier finden Sie die Datenschutzrichtlinien von Alster-Ergotherapie Nirmala Nilgens Hamburg.","og_url":"https:\/\/www.alster-ergotherapie.de\/index.php\/datenschutzrichtlinien\/","og_site_name":"Alster Ergotherapie","article_modified_time":"2018-08-06T12:16:57+00:00","twitter_card":"summary_large_image","twitter_misc":{"Gesch\u00e4tzte Lesezeit":"3\u00a0Minuten"},"schema":{"@context":"https:\/\/schema.org","@graph":[{"@type":"WebPage","@id":"https:\/\/www.alster-ergotherapie.de\/index.php\/datenschutzrichtlinien\/","url":"https:\/\/www.alster-ergotherapie.de\/index.php\/datenschutzrichtlinien\/","name":"Datenschutzrichtlinien - Alster Ergotherapie","isPartOf":{"@id":"https:\/\/www.alster-ergotherapie.de\/#website"},"datePublished":"2018-05-30T13:35:59+00:00","dateModified":"2018-08-06T12:16:57+00:00","description":"Hier finden Sie die Datenschutzrichtlinien von Alster-Ergotherapie Nirmala Nilgens Hamburg.","breadcrumb":{"@id":"https:\/\/www.alster-ergotherapie.de\/index.php\/datenschutzrichtlinien\/#breadcrumb"},"inLanguage":"de","potentialAction":[{"@type":"ReadAction","target":["https:\/\/www.alster-ergotherapie.de\/index.php\/datenschutzrichtlinien\/"]}]},{"@type":"BreadcrumbList","@id":"https:\/\/www.alster-ergotherapie.de\/index.php\/datenschutzrichtlinien\/#breadcrumb","itemListElement":[{"@type":"ListItem","position":1,"name":"Startseite","item":"https:\/\/www.alster-ergotherapie.de\/"},{"@type":"ListItem","position":2,"name":"Datenschutzrichtlinien"}]},{"@type":"WebSite","@id":"https:\/\/www.alster-ergotherapie.de\/#website","url":"https:\/\/www.alster-ergotherapie.de\/","name":"Alster Ergotherapie","description":"","potentialAction":[{"@type":"SearchAction","target":{"@type":"EntryPoint","urlTemplate":"https:\/\/www.alster-ergotherapie.de\/?s={search_term_string}"},"query-input":{"@type":"PropertyValueSpecification","valueRequired":true,"valueName":"search_term_string"}}],"inLanguage":"de"}]}},"_links":{"self":[{"href":"https:\/\/www.alster-ergotherapie.de\/index.php\/wp-json\/wp\/v2\/pages\/3635","targetHints":{"allow":["GET"]}}],"collection":[{"href":"https:\/\/www.alster-ergotherapie.de\/index.php\/wp-json\/wp\/v2\/pages"}],"about":[{"href":"https:\/\/www.alster-ergotherapie.de\/index.php\/wp-json\/wp\/v2\/types\/page"}],"author":[{"embeddable":true,"href":"https:\/\/www.alster-ergotherapie.de\/index.php\/wp-json\/wp\/v2\/users\/1"}],"replies":[{"embeddable":true,"href":"https:\/\/www.alster-ergotherapie.de\/index.php\/wp-json\/wp\/v2\/comments?post=3635"}],"version-history":[{"count":8,"href":"https:\/\/www.alster-ergotherapie.de\/index.php\/wp-json\/wp\/v2\/pages\/3635\/revisions"}],"predecessor-version":[{"id":4055,"href":"https:\/\/www.alster-ergotherapie.de\/index.php\/wp-json\/wp\/v2\/pages\/3635\/revisions\/4055"}],"wp:attachment":[{"href":"https:\/\/www.alster-ergotherapie.de\/index.php\/wp-json\/wp\/v2\/media?parent=3635"}],"curies":[{"name":"wp","href":"https:\/\/api.w.org\/{rel}","templated":true}]}}