{"id":3802,"date":"2018-06-04T14:39:24","date_gmt":"2018-06-04T12:39:24","guid":{"rendered":"https:\/\/www.alster-ergotherapie.de\/?page_id=3802"},"modified":"2023-10-29T13:43:23","modified_gmt":"2023-10-29T12:43:23","slug":"ergotherapie","status":"publish","type":"page","link":"https:\/\/www.alster-ergotherapie.de\/index.php\/ergotherapie\/","title":{"rendered":"Ergotherapie"},"content":{"rendered":"<p>[vc_row][vc_column][vc_column_text]<\/p>\n<h1 class=\"cms-heading-inner\" style=\"font-size: 35px; text-align: left;\">Ergotherapie<\/h1>\n<hr class=\"divider_30_1\" \/>\n<h2>Was ist Ergotherapie?<\/h2>\n<p>Ergotherapie (abgeleitet aus dem Griechischen ergon = Werk, Tat, Aktivit\u00e4t) z\u00e4hlt zu den medizinischen Heilberufen und bedeutet so viel wie \u201eGesundung durch Handeln und Arbeiten&#8220;. Die Ergotherapie geht also davon aus, dass \u201et\u00e4tig sein\u201c ein menschliches Grundbed\u00fcrfnis darstellt, welches durch gezielt eingesetzte T\u00e4tigkeiten eine gesundheitsf\u00f6rdernde und therapeutische Wirkung hat.<\/p>\n<p>Aus diesem Grund unterst\u00fctzt und begleitet die Ergotherapie Menschen jeden Alters, die in ihrer Handlungsf\u00e4higkeit eingeschr\u00e4nkt oder von einer Einschr\u00e4nkung bedroht sind. Die Behandlung erm\u00f6glicht den Patienten eine Verbesserung ihrer Lebensqualit\u00e4t und gesellschaftlicher Partizipation.<\/p>\n<p>Ziel einer ergotherapeutischen Behandlung ist stets die Erlangung bzw. Wiedererlangung gr\u00f6\u00dftm\u00f6glicher k\u00f6rperlicher, geistiger und sozialer Selbst\u00e4ndigkeit und gegebenenfalls eine berufliche (Wieder-) Eingliederung des Patienten.<\/p>\n<p>Dabei steht im Mittelpunkt, dass der oder die Betroffene die verschiedenen Rollen seines allt\u00e4glichen Lebens und die damit einhergehenden Aufgaben wieder bestm\u00f6glich selbstst\u00e4ndig und unabh\u00e4ngig einnehmen kann.<\/p>\n<p>(Definition nach DVE)<\/p>\n<h2>Wie erh\u00e4lt man Ergotherapie?<\/h2>\n<p>Die Ergotherapie ist ein staatlich anerkanntes Heilmittel und wird grunds\u00e4tzlich von dem behandelnden Arzt verordnet.<\/p>\n<p>Die ergotherapeutische Behandlung kann in der Praxis in Einzel\u2013 und Gruppenbehandlung sowie als Hausbesuch durchgef\u00fchrt werden. Dazu z\u00e4hlt auch die Therapie von Erwachsenen in Pflegeheimen, Behindertenwerkst\u00e4tten oder von Kindern in Kinderg\u00e4rten, Tagesst\u00e4tten oder Schulen. Eine ergotherapeutische Behandlung kann gr\u00f6\u00dftenteils ortsunabh\u00e4ngig durchgef\u00fchrt werden und bietet somit gr\u00f6\u00dftm\u00f6gliche Flexibilit\u00e4t, beispielsweise f\u00fcr Patienten, die selber nicht mehr mobil sind.<\/p>\n<h2>Wer bekommt Ergotherapie?<\/h2>\n<p>Menschen jeden Alters mit verschiedensten gesundheitlichen Beeintr\u00e4chtigungen und St\u00f6rungen aus den medizinischen Fachbereichen Neurologie, Geriatrie, Orthop\u00e4die, Psychatrie und P\u00e4diatrie k\u00f6nnen ergotherapeutisch begleitet werden:[\/vc_column_text][vc_basic_grid post_type=&#8220;services&#8220; max_items=&#8220;5&#8243; element_width=&#8220;6&#8243; gap=&#8220;0&#8243; item=&#8220;2472&#8243; grid_id=&#8220;vc_gid:1530526061077-4a725b71-717c-0&#8243;][\/vc_column][\/vc_row]<\/p>\n","protected":false},"excerpt":{"rendered":"<p>[vc_row][vc_column][vc_column_text] Ergotherapie Was ist Ergotherapie? Ergotherapie (abgeleitet aus dem Griechischen ergon = Werk, Tat, Aktivit\u00e4t) z\u00e4hlt zu den medizinischen Heilberufen und bedeutet so viel wie \u201eGesundung durch Handeln und Arbeiten&#8220;. Die Ergotherapie geht also davon aus, dass \u201et\u00e4tig sein\u201c ein menschliches Grundbed\u00fcrfnis darstellt, welches durch gezielt eingesetzte T\u00e4tigkeiten eine gesundheitsf\u00f6rdernde und therapeutische Wirkung hat. Aus [&hellip;]<\/p>\n","protected":false},"author":1,"featured_media":0,"parent":0,"menu_order":0,"comment_status":"closed","ping_status":"closed","template":"","meta":{"footnotes":""},"class_list":["post-3802","page","type-page","status-publish","hentry"],"yoast_head":"<!-- This site is optimized with the Yoast SEO plugin v27.3 - https:\/\/yoast.com\/product\/yoast-seo-wordpress\/ -->\n<title>Ergotherapie Nirmala Nilgens Hamburg zur Verbesserung der Lebenssituation<\/title>\n<meta name=\"description\" content=\"Ziel der Ergotherapie in Hamburg ist es, dass Patienten ihre k\u00f6rperliche, geistige und soziale Selbstst\u00e4ndigkeit im Alltag erhalten oder wiedererlangen.\" \/>\n<meta name=\"robots\" content=\"index, follow, max-snippet:-1, max-image-preview:large, max-video-preview:-1\" \/>\n<link rel=\"canonical\" href=\"https:\/\/www.alster-ergotherapie.de\/index.php\/ergotherapie\/\" \/>\n<meta property=\"og:locale\" content=\"de_DE\" \/>\n<meta property=\"og:type\" content=\"article\" \/>\n<meta property=\"og:title\" content=\"Ergotherapie Nirmala Nilgens Hamburg zur Verbesserung der Lebenssituation\" \/>\n<meta property=\"og:description\" content=\"Ziel der Ergotherapie in Hamburg ist es, dass Patienten ihre k\u00f6rperliche, geistige und soziale Selbstst\u00e4ndigkeit im Alltag erhalten oder wiedererlangen.\" \/>\n<meta property=\"og:url\" content=\"https:\/\/www.alster-ergotherapie.de\/index.php\/ergotherapie\/\" \/>\n<meta property=\"og:site_name\" content=\"Alster Ergotherapie\" \/>\n<meta property=\"article:modified_time\" content=\"2023-10-29T12:43:23+00:00\" \/>\n<meta name=\"twitter:card\" content=\"summary_large_image\" \/>\n<meta name=\"twitter:label1\" content=\"Gesch\u00e4tzte Lesezeit\" \/>\n\t<meta name=\"twitter:data1\" content=\"2\u00a0Minuten\" \/>\n<script type=\"application\/ld+json\" class=\"yoast-schema-graph\">{\"@context\":\"https:\\\/\\\/schema.org\",\"@graph\":[{\"@type\":\"WebPage\",\"@id\":\"https:\\\/\\\/www.alster-ergotherapie.de\\\/index.php\\\/ergotherapie\\\/\",\"url\":\"https:\\\/\\\/www.alster-ergotherapie.de\\\/index.php\\\/ergotherapie\\\/\",\"name\":\"Ergotherapie Nirmala Nilgens Hamburg zur Verbesserung der Lebenssituation\",\"isPartOf\":{\"@id\":\"https:\\\/\\\/www.alster-ergotherapie.de\\\/#website\"},\"datePublished\":\"2018-06-04T12:39:24+00:00\",\"dateModified\":\"2023-10-29T12:43:23+00:00\",\"description\":\"Ziel der Ergotherapie in Hamburg ist es, dass Patienten ihre k\u00f6rperliche, geistige und soziale Selbstst\u00e4ndigkeit im Alltag erhalten oder wiedererlangen.\",\"breadcrumb\":{\"@id\":\"https:\\\/\\\/www.alster-ergotherapie.de\\\/index.php\\\/ergotherapie\\\/#breadcrumb\"},\"inLanguage\":\"de\",\"potentialAction\":[{\"@type\":\"ReadAction\",\"target\":[\"https:\\\/\\\/www.alster-ergotherapie.de\\\/index.php\\\/ergotherapie\\\/\"]}]},{\"@type\":\"BreadcrumbList\",\"@id\":\"https:\\\/\\\/www.alster-ergotherapie.de\\\/index.php\\\/ergotherapie\\\/#breadcrumb\",\"itemListElement\":[{\"@type\":\"ListItem\",\"position\":1,\"name\":\"Startseite\",\"item\":\"https:\\\/\\\/www.alster-ergotherapie.de\\\/\"},{\"@type\":\"ListItem\",\"position\":2,\"name\":\"Ergotherapie\"}]},{\"@type\":\"WebSite\",\"@id\":\"https:\\\/\\\/www.alster-ergotherapie.de\\\/#website\",\"url\":\"https:\\\/\\\/www.alster-ergotherapie.de\\\/\",\"name\":\"Alster Ergotherapie\",\"description\":\"\",\"potentialAction\":[{\"@type\":\"SearchAction\",\"target\":{\"@type\":\"EntryPoint\",\"urlTemplate\":\"https:\\\/\\\/www.alster-ergotherapie.de\\\/?s={search_term_string}\"},\"query-input\":{\"@type\":\"PropertyValueSpecification\",\"valueRequired\":true,\"valueName\":\"search_term_string\"}}],\"inLanguage\":\"de\"}]}<\/script>\n<!-- \/ Yoast SEO plugin. -->","yoast_head_json":{"title":"Ergotherapie Nirmala Nilgens Hamburg zur Verbesserung der Lebenssituation","description":"Ziel der Ergotherapie in Hamburg ist es, dass Patienten ihre k\u00f6rperliche, geistige und soziale Selbstst\u00e4ndigkeit im Alltag erhalten oder wiedererlangen.","robots":{"index":"index","follow":"follow","max-snippet":"max-snippet:-1","max-image-preview":"max-image-preview:large","max-video-preview":"max-video-preview:-1"},"canonical":"https:\/\/www.alster-ergotherapie.de\/index.php\/ergotherapie\/","og_locale":"de_DE","og_type":"article","og_title":"Ergotherapie Nirmala Nilgens Hamburg zur Verbesserung der Lebenssituation","og_description":"Ziel der Ergotherapie in Hamburg ist es, dass Patienten ihre k\u00f6rperliche, geistige und soziale Selbstst\u00e4ndigkeit im Alltag erhalten oder wiedererlangen.","og_url":"https:\/\/www.alster-ergotherapie.de\/index.php\/ergotherapie\/","og_site_name":"Alster Ergotherapie","article_modified_time":"2023-10-29T12:43:23+00:00","twitter_card":"summary_large_image","twitter_misc":{"Gesch\u00e4tzte Lesezeit":"2\u00a0Minuten"},"schema":{"@context":"https:\/\/schema.org","@graph":[{"@type":"WebPage","@id":"https:\/\/www.alster-ergotherapie.de\/index.php\/ergotherapie\/","url":"https:\/\/www.alster-ergotherapie.de\/index.php\/ergotherapie\/","name":"Ergotherapie Nirmala Nilgens Hamburg zur Verbesserung der Lebenssituation","isPartOf":{"@id":"https:\/\/www.alster-ergotherapie.de\/#website"},"datePublished":"2018-06-04T12:39:24+00:00","dateModified":"2023-10-29T12:43:23+00:00","description":"Ziel der Ergotherapie in Hamburg ist es, dass Patienten ihre k\u00f6rperliche, geistige und soziale Selbstst\u00e4ndigkeit im Alltag erhalten oder wiedererlangen.","breadcrumb":{"@id":"https:\/\/www.alster-ergotherapie.de\/index.php\/ergotherapie\/#breadcrumb"},"inLanguage":"de","potentialAction":[{"@type":"ReadAction","target":["https:\/\/www.alster-ergotherapie.de\/index.php\/ergotherapie\/"]}]},{"@type":"BreadcrumbList","@id":"https:\/\/www.alster-ergotherapie.de\/index.php\/ergotherapie\/#breadcrumb","itemListElement":[{"@type":"ListItem","position":1,"name":"Startseite","item":"https:\/\/www.alster-ergotherapie.de\/"},{"@type":"ListItem","position":2,"name":"Ergotherapie"}]},{"@type":"WebSite","@id":"https:\/\/www.alster-ergotherapie.de\/#website","url":"https:\/\/www.alster-ergotherapie.de\/","name":"Alster Ergotherapie","description":"","potentialAction":[{"@type":"SearchAction","target":{"@type":"EntryPoint","urlTemplate":"https:\/\/www.alster-ergotherapie.de\/?s={search_term_string}"},"query-input":{"@type":"PropertyValueSpecification","valueRequired":true,"valueName":"search_term_string"}}],"inLanguage":"de"}]}},"_links":{"self":[{"href":"https:\/\/www.alster-ergotherapie.de\/index.php\/wp-json\/wp\/v2\/pages\/3802","targetHints":{"allow":["GET"]}}],"collection":[{"href":"https:\/\/www.alster-ergotherapie.de\/index.php\/wp-json\/wp\/v2\/pages"}],"about":[{"href":"https:\/\/www.alster-ergotherapie.de\/index.php\/wp-json\/wp\/v2\/types\/page"}],"author":[{"embeddable":true,"href":"https:\/\/www.alster-ergotherapie.de\/index.php\/wp-json\/wp\/v2\/users\/1"}],"replies":[{"embeddable":true,"href":"https:\/\/www.alster-ergotherapie.de\/index.php\/wp-json\/wp\/v2\/comments?post=3802"}],"version-history":[{"count":9,"href":"https:\/\/www.alster-ergotherapie.de\/index.php\/wp-json\/wp\/v2\/pages\/3802\/revisions"}],"predecessor-version":[{"id":4119,"href":"https:\/\/www.alster-ergotherapie.de\/index.php\/wp-json\/wp\/v2\/pages\/3802\/revisions\/4119"}],"wp:attachment":[{"href":"https:\/\/www.alster-ergotherapie.de\/index.php\/wp-json\/wp\/v2\/media?parent=3802"}],"curies":[{"name":"wp","href":"https:\/\/api.w.org\/{rel}","templated":true}]}}