{"id":3957,"date":"2018-06-18T10:50:20","date_gmt":"2018-06-18T08:50:20","guid":{"rendered":"https:\/\/www.alster-ergotherapie.de\/?page_id=3957"},"modified":"2025-07-24T18:44:50","modified_gmt":"2025-07-24T16:44:50","slug":"schlaganfall","status":"publish","type":"page","link":"https:\/\/www.alster-ergotherapie.de\/index.php\/jobs\/schlaganfall\/","title":{"rendered":"Schlaganfall"},"content":{"rendered":"<h1 class=\"cms-heading-inner\" style=\"font-size: 35px; text-align: left;\">Schlaganfall<\/h1>\n<hr class=\"divider_30_1\" \/>\n<p>W\u00e4hrend meiner beruflichen Selbstst\u00e4ndigkeit sind neurologische F\u00e4lle, die Hausbesuche ben\u00f6tigen, immer h\u00e4ufiger geworden.<\/p>\n<h2><strong>Was passiert bei einem Schlaganfall?<\/strong><\/h2>\n<p>Ein Schlaganfall &#8211; in der medizinischen Fachsprache auch Apples oder Insult genannt &#8211; ist eine pl\u00f6tzlich (\u201eschlagartig\u201c) auftretende Erkrankung des Gehirns, die zu einer St\u00f6rung der Blutversorgung im Gehirn oder zu einem Ausfall der Funktionen des Zentralnervensystems f\u00fchren kann. Ursache sind Blockaden von Blutgerinnseln oder Hirnblutungen.<\/p>\n<p>Die ersten Kennzeichen f\u00fcr einen Schlaganfall k\u00f6nnen Schwindel, Sehst\u00f6rungen, Sprachst\u00f6rungen, pl\u00f6tzliche Versiertheit oder ein h\u00e4ngender Mundwinkel sein. Je fr\u00fcher Betroffene \u00e4rztliche und therapeutische Hilfe erhalten, desto positiver ist der Verlauf der Heilung.<\/p>\n<h2><strong>Folgen eines Schlaganfalls k\u00f6nnen je nach Schwere sein:<\/strong><\/h2>\n<ul>\n<li>Taubheitsgef\u00fchl in den Armen, Beinen, im Gesichtsbereich oder im ganzen K\u00f6rper<\/li>\n<li>Sensibilit\u00e4tsst\u00f6rung<\/li>\n<li>Schluckst\u00f6rungen<\/li>\n<li>Sprachst\u00f6rung (z.B. Wortfindungsst\u00f6rung, v\u00f6lliger Verlust der Sprache)<\/li>\n<li>Sehst\u00f6rung in Form von Doppelbilder, zeitweise Erblindung m\u00f6glich<\/li>\n<li>Gleichgewichtsst\u00f6rung<\/li>\n<li>Konzentrationsst\u00f6rung<\/li>\n<li>Bewegungsst\u00f6rungen im Schulter- Arm- Hand- Bereich (Spastik)<\/li>\n<li>Einschr\u00e4nkungen im Alltag wie zum Beispiel Anziehen, K\u00f6rperpflege, Haushalt etc.<\/li>\n<li>Schmerzen durch Kontrakturen<\/li>\n<li>Kraftverlust<\/li>\n<\/ul>\n<h2><strong>Wie kann Ergotherapie bei einem Schlaganfall helfen?<\/strong><\/h2>\n<p>Das Gehirn kann nach einem Schlaganfall so umstrukturiert werden, dass gesunde Hirnareale die Aufgabe des defekten Bereiches \u00fcbernehmen k\u00f6nnen. Daher ist es wichtig, dass so fr\u00fch wie m\u00f6glich mit der Therapie begonnen, bzw. nach der Reha die ambulante Ergotherapie fortgesetzt wird.\u00a0Durch kontinuierliches und gezieltes \u00dcben lernen die Betroffenen, ihr Leben mit der verbleibenden Einschr\u00e4nkung zu meistern und sich im Alltag zurechtzufinden. Zu den allt\u00e4glichen Aufgaben geh\u00f6ren das Anziehen, die Fortbewegung, das Waschen, das Zubereiten von Mahlzeiten, Haushaltsaktivit\u00e4ten sowie Freizeitaktivit\u00e4ten.<\/p>\n<p><strong>Ziele der Therapie:<\/strong><\/p>\n<ul>\n<li>Vermeidung von Kontrakturen in den Gelenken<\/li>\n<li>Kr\u00e4ftigung der Muskulatur<\/li>\n<li>Verbesserung von Bewegungsabl\u00e4ufen<\/li>\n<li>Kontrakturprophylaxe<\/li>\n<li>Sensibilit\u00e4tstraining<\/li>\n<li>Gleichgewichtstraining<\/li>\n<li>Training der K\u00f6rperwahrnehmung<\/li>\n<li>Wiedererlernen alltagsrelevanter Bewegungsabl\u00e4ufe (z. B. Ankleiden, K\u00f6rperhygiene)<\/li>\n<li>Spastikbehandlung durch verschiedene, erprobte Behandlungstechniken (Bobath-Konzept, Perfetti-Konzept, Feldenkrais, Forced-use-Therapie)<\/li>\n<li>Beratung und Erprobung von Hilfsmitteln<\/li>\n<li>Schienenversorgung<\/li>\n<li>Spiegeltherapie<\/li>\n<li>Beratung von Angeh\u00f6rigen<\/li>\n<li>Wohnraumberatung und -anpassung<\/li>\n<li>Arbeitsplatzanalyse<\/li>\n<li>Schmerzlinderung<\/li>\n<li>Kognitives Training zur Verbesserung der Konzentration und der Merkf\u00e4higkeit.<\/li>\n<\/ul>\n","protected":false},"excerpt":{"rendered":"<p>Schlaganfall W\u00e4hrend meiner beruflichen Selbstst\u00e4ndigkeit sind neurologische F\u00e4lle, die Hausbesuche ben\u00f6tigen, immer h\u00e4ufiger geworden. Was passiert bei einem Schlaganfall? Ein Schlaganfall &#8211; in der medizinischen Fachsprache auch Apples oder Insult genannt &#8211; ist eine pl\u00f6tzlich (\u201eschlagartig\u201c) auftretende Erkrankung des Gehirns, die zu einer St\u00f6rung der Blutversorgung im Gehirn oder zu einem Ausfall der Funktionen des [&hellip;]<\/p>\n","protected":false},"author":1,"featured_media":0,"parent":3961,"menu_order":0,"comment_status":"closed","ping_status":"closed","template":"","meta":{"footnotes":""},"class_list":["post-3957","page","type-page","status-publish","hentry"],"yoast_head":"<!-- This site is optimized with the Yoast SEO plugin v27.3 - https:\/\/yoast.com\/product\/yoast-seo-wordpress\/ -->\n<title>Hilfe nach einem Schlaganfall: Alster-Ergotherapie Nirmala Nilgens Hamburg<\/title>\n<meta name=\"description\" content=\"Die richtige Therapie ist nach einem Schlaganfall unabdingbar. Ergotherapeutische Ma\u00dfnahmen unterst\u00fctzen dabei, das Leben wieder selbstst\u00e4ndiger zu meistern.\" \/>\n<meta name=\"robots\" content=\"index, follow, max-snippet:-1, max-image-preview:large, max-video-preview:-1\" \/>\n<link rel=\"canonical\" href=\"https:\/\/www.alster-ergotherapie.de\/index.php\/jobs\/schlaganfall\/\" \/>\n<meta property=\"og:locale\" content=\"de_DE\" \/>\n<meta property=\"og:type\" content=\"article\" \/>\n<meta property=\"og:title\" content=\"Hilfe nach einem Schlaganfall: Alster-Ergotherapie Nirmala Nilgens Hamburg\" \/>\n<meta property=\"og:description\" content=\"Die richtige Therapie ist nach einem Schlaganfall unabdingbar. Ergotherapeutische Ma\u00dfnahmen unterst\u00fctzen dabei, das Leben wieder selbstst\u00e4ndiger zu meistern.\" \/>\n<meta property=\"og:url\" content=\"https:\/\/www.alster-ergotherapie.de\/index.php\/jobs\/schlaganfall\/\" \/>\n<meta property=\"og:site_name\" content=\"Alster Ergotherapie\" \/>\n<meta property=\"article:modified_time\" content=\"2025-07-24T16:44:50+00:00\" \/>\n<meta name=\"twitter:card\" content=\"summary_large_image\" \/>\n<meta name=\"twitter:label1\" content=\"Gesch\u00e4tzte Lesezeit\" \/>\n\t<meta name=\"twitter:data1\" content=\"2\u00a0Minuten\" \/>\n<script type=\"application\/ld+json\" class=\"yoast-schema-graph\">{\"@context\":\"https:\\\/\\\/schema.org\",\"@graph\":[{\"@type\":\"WebPage\",\"@id\":\"https:\\\/\\\/www.alster-ergotherapie.de\\\/index.php\\\/jobs\\\/schlaganfall\\\/\",\"url\":\"https:\\\/\\\/www.alster-ergotherapie.de\\\/index.php\\\/jobs\\\/schlaganfall\\\/\",\"name\":\"Hilfe nach einem Schlaganfall: Alster-Ergotherapie Nirmala Nilgens Hamburg\",\"isPartOf\":{\"@id\":\"https:\\\/\\\/www.alster-ergotherapie.de\\\/#website\"},\"datePublished\":\"2018-06-18T08:50:20+00:00\",\"dateModified\":\"2025-07-24T16:44:50+00:00\",\"description\":\"Die richtige Therapie ist nach einem Schlaganfall unabdingbar. Ergotherapeutische Ma\u00dfnahmen unterst\u00fctzen dabei, das Leben wieder selbstst\u00e4ndiger zu meistern.\",\"breadcrumb\":{\"@id\":\"https:\\\/\\\/www.alster-ergotherapie.de\\\/index.php\\\/jobs\\\/schlaganfall\\\/#breadcrumb\"},\"inLanguage\":\"de\",\"potentialAction\":[{\"@type\":\"ReadAction\",\"target\":[\"https:\\\/\\\/www.alster-ergotherapie.de\\\/index.php\\\/jobs\\\/schlaganfall\\\/\"]}]},{\"@type\":\"BreadcrumbList\",\"@id\":\"https:\\\/\\\/www.alster-ergotherapie.de\\\/index.php\\\/jobs\\\/schlaganfall\\\/#breadcrumb\",\"itemListElement\":[{\"@type\":\"ListItem\",\"position\":1,\"name\":\"Startseite\",\"item\":\"https:\\\/\\\/www.alster-ergotherapie.de\\\/\"},{\"@type\":\"ListItem\",\"position\":2,\"name\":\"Praxis Schwerpunkt\",\"item\":\"https:\\\/\\\/www.alster-ergotherapie.de\\\/index.php\\\/jobs\\\/\"},{\"@type\":\"ListItem\",\"position\":3,\"name\":\"Schlaganfall\"}]},{\"@type\":\"WebSite\",\"@id\":\"https:\\\/\\\/www.alster-ergotherapie.de\\\/#website\",\"url\":\"https:\\\/\\\/www.alster-ergotherapie.de\\\/\",\"name\":\"Alster Ergotherapie\",\"description\":\"\",\"potentialAction\":[{\"@type\":\"SearchAction\",\"target\":{\"@type\":\"EntryPoint\",\"urlTemplate\":\"https:\\\/\\\/www.alster-ergotherapie.de\\\/?s={search_term_string}\"},\"query-input\":{\"@type\":\"PropertyValueSpecification\",\"valueRequired\":true,\"valueName\":\"search_term_string\"}}],\"inLanguage\":\"de\"}]}<\/script>\n<!-- \/ Yoast SEO plugin. -->","yoast_head_json":{"title":"Hilfe nach einem Schlaganfall: Alster-Ergotherapie Nirmala Nilgens Hamburg","description":"Die richtige Therapie ist nach einem Schlaganfall unabdingbar. Ergotherapeutische Ma\u00dfnahmen unterst\u00fctzen dabei, das Leben wieder selbstst\u00e4ndiger zu meistern.","robots":{"index":"index","follow":"follow","max-snippet":"max-snippet:-1","max-image-preview":"max-image-preview:large","max-video-preview":"max-video-preview:-1"},"canonical":"https:\/\/www.alster-ergotherapie.de\/index.php\/jobs\/schlaganfall\/","og_locale":"de_DE","og_type":"article","og_title":"Hilfe nach einem Schlaganfall: Alster-Ergotherapie Nirmala Nilgens Hamburg","og_description":"Die richtige Therapie ist nach einem Schlaganfall unabdingbar. Ergotherapeutische Ma\u00dfnahmen unterst\u00fctzen dabei, das Leben wieder selbstst\u00e4ndiger zu meistern.","og_url":"https:\/\/www.alster-ergotherapie.de\/index.php\/jobs\/schlaganfall\/","og_site_name":"Alster Ergotherapie","article_modified_time":"2025-07-24T16:44:50+00:00","twitter_card":"summary_large_image","twitter_misc":{"Gesch\u00e4tzte Lesezeit":"2\u00a0Minuten"},"schema":{"@context":"https:\/\/schema.org","@graph":[{"@type":"WebPage","@id":"https:\/\/www.alster-ergotherapie.de\/index.php\/jobs\/schlaganfall\/","url":"https:\/\/www.alster-ergotherapie.de\/index.php\/jobs\/schlaganfall\/","name":"Hilfe nach einem Schlaganfall: Alster-Ergotherapie Nirmala Nilgens Hamburg","isPartOf":{"@id":"https:\/\/www.alster-ergotherapie.de\/#website"},"datePublished":"2018-06-18T08:50:20+00:00","dateModified":"2025-07-24T16:44:50+00:00","description":"Die richtige Therapie ist nach einem Schlaganfall unabdingbar. Ergotherapeutische Ma\u00dfnahmen unterst\u00fctzen dabei, das Leben wieder selbstst\u00e4ndiger zu meistern.","breadcrumb":{"@id":"https:\/\/www.alster-ergotherapie.de\/index.php\/jobs\/schlaganfall\/#breadcrumb"},"inLanguage":"de","potentialAction":[{"@type":"ReadAction","target":["https:\/\/www.alster-ergotherapie.de\/index.php\/jobs\/schlaganfall\/"]}]},{"@type":"BreadcrumbList","@id":"https:\/\/www.alster-ergotherapie.de\/index.php\/jobs\/schlaganfall\/#breadcrumb","itemListElement":[{"@type":"ListItem","position":1,"name":"Startseite","item":"https:\/\/www.alster-ergotherapie.de\/"},{"@type":"ListItem","position":2,"name":"Praxis Schwerpunkt","item":"https:\/\/www.alster-ergotherapie.de\/index.php\/jobs\/"},{"@type":"ListItem","position":3,"name":"Schlaganfall"}]},{"@type":"WebSite","@id":"https:\/\/www.alster-ergotherapie.de\/#website","url":"https:\/\/www.alster-ergotherapie.de\/","name":"Alster Ergotherapie","description":"","potentialAction":[{"@type":"SearchAction","target":{"@type":"EntryPoint","urlTemplate":"https:\/\/www.alster-ergotherapie.de\/?s={search_term_string}"},"query-input":{"@type":"PropertyValueSpecification","valueRequired":true,"valueName":"search_term_string"}}],"inLanguage":"de"}]}},"_links":{"self":[{"href":"https:\/\/www.alster-ergotherapie.de\/index.php\/wp-json\/wp\/v2\/pages\/3957","targetHints":{"allow":["GET"]}}],"collection":[{"href":"https:\/\/www.alster-ergotherapie.de\/index.php\/wp-json\/wp\/v2\/pages"}],"about":[{"href":"https:\/\/www.alster-ergotherapie.de\/index.php\/wp-json\/wp\/v2\/types\/page"}],"author":[{"embeddable":true,"href":"https:\/\/www.alster-ergotherapie.de\/index.php\/wp-json\/wp\/v2\/users\/1"}],"replies":[{"embeddable":true,"href":"https:\/\/www.alster-ergotherapie.de\/index.php\/wp-json\/wp\/v2\/comments?post=3957"}],"version-history":[{"count":9,"href":"https:\/\/www.alster-ergotherapie.de\/index.php\/wp-json\/wp\/v2\/pages\/3957\/revisions"}],"predecessor-version":[{"id":4140,"href":"https:\/\/www.alster-ergotherapie.de\/index.php\/wp-json\/wp\/v2\/pages\/3957\/revisions\/4140"}],"up":[{"embeddable":true,"href":"https:\/\/www.alster-ergotherapie.de\/index.php\/wp-json\/wp\/v2\/pages\/3961"}],"wp:attachment":[{"href":"https:\/\/www.alster-ergotherapie.de\/index.php\/wp-json\/wp\/v2\/media?parent=3957"}],"curies":[{"name":"wp","href":"https:\/\/api.w.org\/{rel}","templated":true}]}}